{"id":29207,"date":"2024-07-10T13:01:44","date_gmt":"2024-07-10T11:01:44","guid":{"rendered":"https:\/\/bellisimob.es\/nuestros-servicios-empresariales\/"},"modified":"2024-12-17T23:08:44","modified_gmt":"2024-12-17T22:08:44","slug":"nuestros-servicios-empresariales","status":"publish","type":"page","link":"https:\/\/bellisimob.es\/es\/nuestros-servicios-empresariales\/","title":{"rendered":"Nuestros servicios empresariales"},"content":{"rendered":"\t\t<div data-elementor-type=\"wp-page\" data-elementor-id=\"29207\" class=\"elementor elementor-29207 elementor-25876\" data-elementor-post-type=\"page\">\n\t\t\t\t<div class=\"elementor-element elementor-element-deb3afe e-flex e-con-boxed e-con e-parent\" data-id=\"deb3afe\" data-element_type=\"container\" data-e-type=\"container\" data-settings=\"{&quot;background_background&quot;:&quot;classic&quot;,&quot;jet_parallax_layout_list&quot;:[]}\">\n\t\t\t\t\t<div class=\"e-con-inner\">\n\t\t<div class=\"elementor-element elementor-element-2e777dd e-con-full e-flex e-con e-child\" data-id=\"2e777dd\" data-element_type=\"container\" data-e-type=\"container\" data-settings=\"{&quot;background_background&quot;:&quot;classic&quot;,&quot;jet_parallax_layout_list&quot;:[]}\">\n\t\t\t\t<div class=\"elementor-element elementor-element-3a59c8a elementor-invisible elementor-widget elementor-widget-heading\" data-id=\"3a59c8a\" data-element_type=\"widget\" data-e-type=\"widget\" data-settings=\"{&quot;_animation&quot;:&quot;fadeIn&quot;}\" data-widget_type=\"heading.default\">\n\t\t\t\t<div class=\"elementor-widget-container\">\n\t\t\t\t\t<h2 class=\"elementor-heading-title elementor-size-default\">Nuestros servicios empresariales<\/h2>\t\t\t\t<\/div>\n\t\t\t\t<\/div>\n\t\t\t\t<div class=\"elementor-element elementor-element-ace2317 elementor-invisible elementor-widget elementor-widget-text-editor\" data-id=\"ace2317\" data-element_type=\"widget\" data-e-type=\"widget\" data-settings=\"{&quot;_animation&quot;:&quot;fadeIn&quot;,&quot;_animation_delay&quot;:100}\" data-widget_type=\"text-editor.default\">\n\t\t\t\t<div class=\"elementor-widget-container\">\n\t\t\t\t\t\t\t\t\t<p><span style=\"color: #fd5f04;\">Los servicios a las empresas<\/span> inmobiliarias son variados y abarcan una amplia gama de actividades destinadas a satisfacer las necesidades de los clientes de este sector.<\/p>\n<\/p>\n<p>Los servicios empresariales inmobiliarios desempe\u00f1an un <span style=\"color: #fd5f04;\">papel crucial<\/span> para garantizar que las transacciones se realicen de forma eficaz, legal y en beneficio de todas las partes implicadas. Proporcionan un apoyo profesional esencial para <span style=\"color: #fd5f04;\">gestionar, comprar, vender e invertir<\/span> en inmuebles. <\/p>\n<\/p>\n<p>Adem\u00e1s, el <span style=\"color: #fd5f04;\">mantenimiento<\/span> y la <span style=\"color: #fd5f04;\">renovaci\u00f3n de<\/span> los inmuebles no s\u00f3lo son beneficiosos, sino a menudo <span style=\"color: #fd5f04;\">necesarios<\/span> para preservar <span style=\"color: #fd5f04;\">su valor<\/span>, garantizar <span style=\"color: #fd5f04;\">la seguridad<\/span> y mejorar <span style=\"color: #fd5f04;\">la comodidad<\/span> de los ocupantes. Tambi\u00e9n ayudan <span style=\"color: #fd5f04;\">a anticiparse a los problemas, optimizar la eficiencia energ\u00e9tica y adaptar los espacios vitales<\/span> a las necesidades cambiantes de los propietarios. Invirtiendo en estos aspectos, los propietarios no s\u00f3lo pueden prolongar la vida de su vivienda, sino tambi\u00e9n <span style=\"color: #fd5f04;\">mejorar<\/span> su <span style=\"color: #fd5f04;\">valor<\/span> y <span style=\"color: #fd5f04;\">calidad de vida<\/span> a diario.  <\/p><\/p>\n\t\t\t\t\t\t\t\t<\/div>\n\t\t\t\t<\/div>\n\t\t<div class=\"elementor-element elementor-element-89354e3 e-flex e-con-boxed e-con e-child\" data-id=\"89354e3\" data-element_type=\"container\" data-e-type=\"container\" data-settings=\"{&quot;jet_parallax_layout_list&quot;:[]}\">\n\t\t\t\t\t<div class=\"e-con-inner\">\n\t\t\t\t<div class=\"elementor-element elementor-element-104b9aa elementor-shape-circle e-grid-align-left elementor-grid-0 elementor-invisible elementor-widget elementor-widget-social-icons\" data-id=\"104b9aa\" data-element_type=\"widget\" data-e-type=\"widget\" data-settings=\"{&quot;_animation&quot;:&quot;fadeIn&quot;}\" data-widget_type=\"social-icons.default\">\n\t\t\t\t<div class=\"elementor-widget-container\">\n\t\t\t\t\t\t\t<div class=\"elementor-social-icons-wrapper elementor-grid\" role=\"list\">\n\t\t\t\t\t\t\t<span class=\"elementor-grid-item\" role=\"listitem\">\n\t\t\t\t\t<a class=\"elementor-icon elementor-social-icon elementor-social-icon-facebook elementor-repeater-item-16f0e33\" href=\"https:\/\/www.facebook.com\/Bellisimob.es\" target=\"_blank\">\n\t\t\t\t\t\t<span class=\"elementor-screen-only\">Facebook<\/span>\n\t\t\t\t\t\t<svg aria-hidden=\"true\" class=\"e-font-icon-svg e-fab-facebook\" viewBox=\"0 0 512 512\" xmlns=\"http:\/\/www.w3.org\/2000\/svg\"><path d=\"M504 256C504 119 393 8 256 8S8 119 8 256c0 123.78 90.69 226.38 209.25 245V327.69h-63V256h63v-54.64c0-62.15 37-96.48 93.67-96.48 27.14 0 55.52 4.84 55.52 4.84v61h-31.28c-30.8 0-40.41 19.12-40.41 38.73V256h68.78l-11 71.69h-57.78V501C413.31 482.38 504 379.78 504 256z\"><\/path><\/svg>\t\t\t\t\t<\/a>\n\t\t\t\t<\/span>\n\t\t\t\t\t\t\t<span class=\"elementor-grid-item\" role=\"listitem\">\n\t\t\t\t\t<a class=\"elementor-icon elementor-social-icon elementor-social-icon-instagram elementor-repeater-item-6e987d0\" href=\"https:\/\/www.instagram.com\/bellisimob.es\/\" target=\"_blank\">\n\t\t\t\t\t\t<span class=\"elementor-screen-only\">Instagram<\/span>\n\t\t\t\t\t\t<svg aria-hidden=\"true\" class=\"e-font-icon-svg e-fab-instagram\" viewBox=\"0 0 448 512\" xmlns=\"http:\/\/www.w3.org\/2000\/svg\"><path d=\"M224.1 141c-63.6 0-114.9 51.3-114.9 114.9s51.3 114.9 114.9 114.9S339 319.5 339 255.9 287.7 141 224.1 141zm0 189.6c-41.1 0-74.7-33.5-74.7-74.7s33.5-74.7 74.7-74.7 74.7 33.5 74.7 74.7-33.6 74.7-74.7 74.7zm146.4-194.3c0 14.9-12 26.8-26.8 26.8-14.9 0-26.8-12-26.8-26.8s12-26.8 26.8-26.8 26.8 12 26.8 26.8zm76.1 27.2c-1.7-35.9-9.9-67.7-36.2-93.9-26.2-26.2-58-34.4-93.9-36.2-37-2.1-147.9-2.1-184.9 0-35.8 1.7-67.6 9.9-93.9 36.1s-34.4 58-36.2 93.9c-2.1 37-2.1 147.9 0 184.9 1.7 35.9 9.9 67.7 36.2 93.9s58 34.4 93.9 36.2c37 2.1 147.9 2.1 184.9 0 35.9-1.7 67.7-9.9 93.9-36.2 26.2-26.2 34.4-58 36.2-93.9 2.1-37 2.1-147.8 0-184.8zM398.8 388c-7.8 19.6-22.9 34.7-42.6 42.6-29.5 11.7-99.5 9-132.1 9s-102.7 2.6-132.1-9c-19.6-7.8-34.7-22.9-42.6-42.6-11.7-29.5-9-99.5-9-132.1s-2.6-102.7 9-132.1c7.8-19.6 22.9-34.7 42.6-42.6 29.5-11.7 99.5-9 132.1-9s102.7-2.6 132.1 9c19.6 7.8 34.7 22.9 42.6 42.6 11.7 29.5 9 99.5 9 132.1s2.7 102.7-9 132.1z\"><\/path><\/svg>\t\t\t\t\t<\/a>\n\t\t\t\t<\/span>\n\t\t\t\t\t\t\t<span class=\"elementor-grid-item\" role=\"listitem\">\n\t\t\t\t\t<a class=\"elementor-icon elementor-social-icon elementor-social-icon-youtube elementor-repeater-item-cbf3f16\" href=\"https:\/\/www.youtube.com\/@Bellisimob\" target=\"_blank\">\n\t\t\t\t\t\t<span class=\"elementor-screen-only\">Youtube<\/span>\n\t\t\t\t\t\t<svg aria-hidden=\"true\" class=\"e-font-icon-svg e-fab-youtube\" viewBox=\"0 0 576 512\" xmlns=\"http:\/\/www.w3.org\/2000\/svg\"><path d=\"M549.655 124.083c-6.281-23.65-24.787-42.276-48.284-48.597C458.781 64 288 64 288 64S117.22 64 74.629 75.486c-23.497 6.322-42.003 24.947-48.284 48.597-11.412 42.867-11.412 132.305-11.412 132.305s0 89.438 11.412 132.305c6.281 23.65 24.787 41.5 48.284 47.821C117.22 448 288 448 288 448s170.78 0 213.371-11.486c23.497-6.321 42.003-24.171 48.284-47.821 11.412-42.867 11.412-132.305 11.412-132.305s0-89.438-11.412-132.305zm-317.51 213.508V175.185l142.739 81.205-142.739 81.201z\"><\/path><\/svg>\t\t\t\t\t<\/a>\n\t\t\t\t<\/span>\n\t\t\t\t\t<\/div>\n\t\t\t\t\t\t<\/div>\n\t\t\t\t<\/div>\n\t\t\t\t<div class=\"elementor-element elementor-element-6636f9f elementor-widget__width-auto elementor-mobile-align-center elementor-widget-mobile__width-inherit elementor-invisible elementor-widget elementor-widget-button\" data-id=\"6636f9f\" data-element_type=\"widget\" data-e-type=\"widget\" data-settings=\"{&quot;_animation&quot;:&quot;fadeIn&quot;,&quot;_animation_delay&quot;:100}\" data-widget_type=\"button.default\">\n\t\t\t\t<div class=\"elementor-widget-container\">\n\t\t\t\t\t\t\t\t\t<div class=\"elementor-button-wrapper\">\n\t\t\t\t\t<a class=\"elementor-button elementor-button-link elementor-size-sm\" href=\"https:\/\/bellisimob.es\/contact\/\">\n\t\t\t\t\t\t<span class=\"elementor-button-content-wrapper\">\n\t\t\t\t\t\t<span class=\"elementor-button-icon\">\n\t\t\t\t<svg aria-hidden=\"true\" class=\"e-font-icon-svg e-fas-long-arrow-alt-right\" viewBox=\"0 0 448 512\" xmlns=\"http:\/\/www.w3.org\/2000\/svg\"><path d=\"M313.941 216H12c-6.627 0-12 5.373-12 12v56c0 6.627 5.373 12 12 12h301.941v46.059c0 21.382 25.851 32.09 40.971 16.971l86.059-86.059c9.373-9.373 9.373-24.569 0-33.941l-86.059-86.059c-15.119-15.119-40.971-4.411-40.971 16.971V216z\"><\/path><\/svg>\t\t\t<\/span>\n\t\t\t\t\t\t\t\t\t<span class=\"elementor-button-text\">Contacta con nosotros<\/span>\n\t\t\t\t\t<\/span>\n\t\t\t\t\t<\/a>\n\t\t\t\t<\/div>\n\t\t\t\t\t\t\t\t<\/div>\n\t\t\t\t<\/div>\n\t\t\t\t\t<\/div>\n\t\t\t\t<\/div>\n\t\t\t\t<\/div>\n\t\t<div class=\"elementor-element elementor-element-879b33d e-con-full e-flex e-con e-child\" data-id=\"879b33d\" data-element_type=\"container\" data-e-type=\"container\" data-settings=\"{&quot;background_background&quot;:&quot;classic&quot;,&quot;jet_parallax_layout_list&quot;:[]}\">\n\t\t\t\t<\/div>\n\t\t\t\t\t<\/div>\n\t\t\t\t<\/div>\n\t\t<div class=\"elementor-element elementor-element-aa3cf56 e-flex e-con-boxed e-con e-parent\" data-id=\"aa3cf56\" data-element_type=\"container\" data-e-type=\"container\" data-settings=\"{&quot;background_background&quot;:&quot;classic&quot;,&quot;jet_parallax_layout_list&quot;:[]}\">\n\t\t\t\t\t<div class=\"e-con-inner\">\n\t\t<div class=\"elementor-element elementor-element-8b5c948 e-flex e-con-boxed e-con e-child\" data-id=\"8b5c948\" data-element_type=\"container\" data-e-type=\"container\" data-settings=\"{&quot;jet_parallax_layout_list&quot;:[]}\">\n\t\t\t\t\t<div class=\"e-con-inner\">\n\t\t<div class=\"elementor-element elementor-element-3b35565 e-con-full e-flex e-con e-child\" data-id=\"3b35565\" data-element_type=\"container\" data-e-type=\"container\" data-settings=\"{&quot;background_background&quot;:&quot;classic&quot;,&quot;jet_parallax_layout_list&quot;:[]}\">\n\t\t\t\t<div class=\"elementor-element elementor-element-01f0b4d elementor-invisible elementor-widget elementor-widget-heading\" data-id=\"01f0b4d\" data-element_type=\"widget\" data-e-type=\"widget\" data-settings=\"{&quot;_animation&quot;:&quot;fadeIn&quot;,&quot;_animation_delay&quot;:50}\" data-widget_type=\"heading.default\">\n\t\t\t\t<div class=\"elementor-widget-container\">\n\t\t\t\t\t<h3 class=\"elementor-heading-title elementor-size-default\">Venta de inmuebles<\/h3>\t\t\t\t<\/div>\n\t\t\t\t<\/div>\n\t\t\t\t<div class=\"elementor-element elementor-element-f1e38b9 elementor-invisible elementor-widget elementor-widget-text-editor\" data-id=\"f1e38b9\" data-element_type=\"widget\" data-e-type=\"widget\" data-settings=\"{&quot;_animation&quot;:&quot;fadeIn&quot;,&quot;_animation_delay&quot;:100}\" data-widget_type=\"text-editor.default\">\n\t\t\t\t<div class=\"elementor-widget-container\">\n\t\t\t\t\t\t\t\t\t<p>Vender una propiedad es un proceso complejo que <span style=\"color: #fd5f04;\">requiere<\/span> una buena preparaci\u00f3n, una valoraci\u00f3n precisa del inmueble y una <span style=\"color: #fd5f04;\">estrategia eficaz<\/span> para atraer a posibles compradores.<\/p>\n<\/p>\n<p>Trabajando con profesionales de confianza, puedes <span style=\"color: #fd5f04;\">maximizar tus posibilidades de<\/span> conseguir una <span style=\"color: #fd5f04;\">venta exitosa y rentable de<\/span> tu propiedad.<\/p>\n\t\t\t\t\t\t\t\t<\/div>\n\t\t\t\t<\/div>\n\t\t\t\t<\/div>\n\t\t<div class=\"elementor-element elementor-element-b7cdecb e-con-full e-flex e-con e-child\" data-id=\"b7cdecb\" data-element_type=\"container\" data-e-type=\"container\" data-settings=\"{&quot;background_background&quot;:&quot;classic&quot;,&quot;jet_parallax_layout_list&quot;:[]}\">\n\t\t\t\t<div class=\"elementor-element elementor-element-001f25e elementor-invisible elementor-widget elementor-widget-heading\" data-id=\"001f25e\" data-element_type=\"widget\" data-e-type=\"widget\" data-settings=\"{&quot;_animation&quot;:&quot;fadeIn&quot;,&quot;_animation_delay&quot;:50}\" data-widget_type=\"heading.default\">\n\t\t\t\t<div class=\"elementor-widget-container\">\n\t\t\t\t\t<h3 class=\"elementor-heading-title elementor-size-default\">Valoraci\u00f3n<\/h3>\t\t\t\t<\/div>\n\t\t\t\t<\/div>\n\t\t\t\t<div class=\"elementor-element elementor-element-ad4bd12 elementor-invisible elementor-widget elementor-widget-text-editor\" data-id=\"ad4bd12\" data-element_type=\"widget\" data-e-type=\"widget\" data-settings=\"{&quot;_animation&quot;:&quot;fadeIn&quot;,&quot;_animation_delay&quot;:100}\" data-widget_type=\"text-editor.default\">\n\t\t\t\t<div class=\"elementor-widget-container\">\n\t\t\t\t\t\t\t\t\t<p>La mejora de la propiedad consiste en <span style=\"color: #fd5f04;\">mejorar su aspecto<\/span> y atractivo para aumentar su valor percibido y facilitar su venta o alquiler.<\/p>\n<\/p>\n<p>A\u00f1adir valor a una casa requiere una <span style=\"color: #fd5f04;\">inversi\u00f3n de tiempo y dinero<\/span>, pero la recompensa puede ser importante. Una casa bien presentada suele <span style=\"color: #fd5f04;\">venderse<\/span> <span style=\"color: #fd5f04;\">m\u00e1s r\u00e1pido<\/span> y <span style=\"color: #fd5f04;\">a mejor precio<\/span>. <\/p>\n\t\t\t\t\t\t\t\t<\/div>\n\t\t\t\t<\/div>\n\t\t\t\t<\/div>\n\t\t\t\t\t<\/div>\n\t\t\t\t<\/div>\n\t\t<div class=\"elementor-element elementor-element-61f1dc3 e-flex e-con-boxed e-con e-child\" data-id=\"61f1dc3\" data-element_type=\"container\" data-e-type=\"container\" data-settings=\"{&quot;jet_parallax_layout_list&quot;:[]}\">\n\t\t\t\t\t<div class=\"e-con-inner\">\n\t\t<div class=\"elementor-element elementor-element-39d8aa0 e-con-full e-flex e-con e-child\" data-id=\"39d8aa0\" data-element_type=\"container\" data-e-type=\"container\" data-settings=\"{&quot;background_background&quot;:&quot;classic&quot;,&quot;jet_parallax_layout_list&quot;:[]}\">\n\t\t\t\t<div class=\"elementor-element elementor-element-9912da0 elementor-invisible elementor-widget elementor-widget-heading\" data-id=\"9912da0\" data-element_type=\"widget\" data-e-type=\"widget\" data-settings=\"{&quot;_animation&quot;:&quot;fadeIn&quot;,&quot;_animation_delay&quot;:50}\" data-widget_type=\"heading.default\">\n\t\t\t\t<div class=\"elementor-widget-container\">\n\t\t\t\t\t<h3 class=\"elementor-heading-title elementor-size-default\">Estimaci\u00f3n  <\/h3>\t\t\t\t<\/div>\n\t\t\t\t<\/div>\n\t\t\t\t<div class=\"elementor-element elementor-element-7687f50 elementor-invisible elementor-widget elementor-widget-text-editor\" data-id=\"7687f50\" data-element_type=\"widget\" data-e-type=\"widget\" data-settings=\"{&quot;_animation&quot;:&quot;fadeIn&quot;,&quot;_animation_delay&quot;:100}\" data-widget_type=\"text-editor.default\">\n\t\t\t\t<div class=\"elementor-widget-container\">\n\t\t\t\t\t\t\t\t\t<p>Tasar terrenos y propiedades es un paso crucial para <span style=\"color: #fd5f04;\">determinar<\/span> su <span style=\"color: #fd5f04;\">valor de mercado<\/span> antes de vender, comprar o refinanciar.<\/p>\n<\/p>\n<p>Una estimaci\u00f3n precisa requiere un <span style=\"color: #fd5f04;\">an\u00e1lisis en profundidad de una serie de factores<\/span>, como la ubicaci\u00f3n, las caracter\u00edsticas del inmueble y las condiciones del mercado.<\/p>\n<\/p>\n<p>Utilizando los m\u00e9todos adecuados y recurriendo a los servicios de profesionales, puedes obtener una <span style=\"color: #fd5f04;\">estimaci\u00f3n fiable<\/span> del valor de tu propiedad, que es esencial para tomar decisiones informadas a la hora de vender, comprar o refinanciar.<\/p>\n\t\t\t\t\t\t\t\t<\/div>\n\t\t\t\t<\/div>\n\t\t\t\t<\/div>\n\t\t<div class=\"elementor-element elementor-element-9cc1e61 e-con-full e-flex e-con e-child\" data-id=\"9cc1e61\" data-element_type=\"container\" data-e-type=\"container\" data-settings=\"{&quot;background_background&quot;:&quot;classic&quot;,&quot;jet_parallax_layout_list&quot;:[]}\">\n\t\t\t\t<div class=\"elementor-element elementor-element-3792f28 elementor-invisible elementor-widget elementor-widget-heading\" data-id=\"3792f28\" data-element_type=\"widget\" data-e-type=\"widget\" data-settings=\"{&quot;_animation&quot;:&quot;fadeIn&quot;,&quot;_animation_delay&quot;:50}\" data-widget_type=\"heading.default\">\n\t\t\t\t<div class=\"elementor-widget-container\">\n\t\t\t\t\t<h3 class=\"elementor-heading-title elementor-size-default\">Renovaci\u00f3n<\/h3>\t\t\t\t<\/div>\n\t\t\t\t<\/div>\n\t\t\t\t<div class=\"elementor-element elementor-element-c1ad337 elementor-invisible elementor-widget elementor-widget-text-editor\" data-id=\"c1ad337\" data-element_type=\"widget\" data-e-type=\"widget\" data-settings=\"{&quot;_animation&quot;:&quot;fadeIn&quot;,&quot;_animation_delay&quot;:100}\" data-widget_type=\"text-editor.default\">\n\t\t\t\t<div class=\"elementor-widget-container\">\n\t\t\t\t\t\t\t\t\t<p>Renovar y reconvertir una propiedad implica realizar obras para<span style=\"color: #fd5f04;\">mejorar su estado<\/span>,<span style=\"color: #fd5f04;\"> funcionalidad<\/span> y, a menudo, <span style=\"color: #fd5f04;\">su valor<\/span>.<\/p>\n<\/p>\n<p>Transformar una propiedad requiere <span style=\"color: #fd5f04;\">una planificaci\u00f3n cuidadosa<\/span>, una <span style=\"color: #fd5f04;\">gesti\u00f3n eficaz del proyecto<\/span> y <span style=\"color: #fd5f04;\">atenci\u00f3n a los detalles<\/span> para alcanzar los objetivos de calidad, funcionalidad y valor a\u00f1adido.<\/p>\n<\/p>\n<p>Invirtiendo en mejoras estrat\u00e9gicas, no s\u00f3lo puedes <span style=\"color: #fd5f04;\">mejorar<\/span> tu <span style=\"color: #fd5f04;\">entorno vital<\/span>, sino tambi\u00e9n aumentar el potencial de tu propiedad en el mercado inmobiliario.<\/p>\n\t\t\t\t\t\t\t\t<\/div>\n\t\t\t\t<\/div>\n\t\t\t\t<\/div>\n\t\t\t\t\t<\/div>\n\t\t\t\t<\/div>\n\t\t<div class=\"elementor-element elementor-element-72cf1dd e-con-full e-flex e-con e-child\" data-id=\"72cf1dd\" data-element_type=\"container\" data-e-type=\"container\" data-settings=\"{&quot;jet_parallax_layout_list&quot;:[]}\">\n\t\t<div class=\"elementor-element elementor-element-3d21ee3 e-con-full e-flex e-con e-child\" data-id=\"3d21ee3\" data-element_type=\"container\" data-e-type=\"container\" data-settings=\"{&quot;background_background&quot;:&quot;classic&quot;,&quot;jet_parallax_layout_list&quot;:[]}\">\n\t\t\t\t<div class=\"elementor-element elementor-element-6746b85 elementor-invisible elementor-widget elementor-widget-heading\" data-id=\"6746b85\" data-element_type=\"widget\" data-e-type=\"widget\" data-settings=\"{&quot;_animation&quot;:&quot;fadeIn&quot;,&quot;_animation_delay&quot;:50}\" data-widget_type=\"heading.default\">\n\t\t\t\t<div class=\"elementor-widget-container\">\n\t\t\t\t\t<h3 class=\"elementor-heading-title elementor-size-default\">Paisajismo<\/h3>\t\t\t\t<\/div>\n\t\t\t\t<\/div>\n\t\t\t\t<div class=\"elementor-element elementor-element-3ad974c elementor-invisible elementor-widget elementor-widget-text-editor\" data-id=\"3ad974c\" data-element_type=\"widget\" data-e-type=\"widget\" data-settings=\"{&quot;_animation&quot;:&quot;fadeIn&quot;,&quot;_animation_delay&quot;:100}\" data-widget_type=\"text-editor.default\">\n\t\t\t\t<div class=\"elementor-widget-container\">\n\t\t\t\t\t\t\t\t\t<p>El paisajismo, o paisajismo residencial, consiste en <span style=\"color: #fd5f04;\">planificar y dise\u00f1ar los espacios exteriores<\/span> de una propiedad residencial para <span style=\"color: #fd5f04;\">maximizar la est\u00e9tica, la funcionalidad y la sostenibilidad<\/span>.<\/p>\n<\/p>\n<p>El paisajismo es un negocio gratificante que puede transformar el aspecto y la funcionalidad de los espacios exteriores de tu casa.<\/p>\n<\/p>\n<p>Planificando con cuidado, eligiendo las plantas y materiales adecuados e incorporando pr\u00e1cticas sostenibles, puedes crear un <span style=\"color: #fd5f04;\">entorno exterior bello y acogedor que mejore tu calidad de vida y a\u00f1ada valor a tu propiedad<\/span>.<\/p>\n\t\t\t\t\t\t\t\t<\/div>\n\t\t\t\t<\/div>\n\t\t\t\t<\/div>\n\t\t<div class=\"elementor-element elementor-element-f09c7b5 e-con-full e-flex e-con e-child\" data-id=\"f09c7b5\" data-element_type=\"container\" data-e-type=\"container\" data-settings=\"{&quot;background_background&quot;:&quot;classic&quot;,&quot;jet_parallax_layout_list&quot;:[]}\">\n\t\t\t\t<div class=\"elementor-element elementor-element-c0b3921 elementor-invisible elementor-widget elementor-widget-heading\" data-id=\"c0b3921\" data-element_type=\"widget\" data-e-type=\"widget\" data-settings=\"{&quot;_animation&quot;:&quot;fadeIn&quot;,&quot;_animation_delay&quot;:50}\" data-widget_type=\"heading.default\">\n\t\t\t\t<div class=\"elementor-widget-container\">\n\t\t\t\t\t<h3 class=\"elementor-heading-title elementor-size-default\">Transici\u00f3n energ\u00e9tica<\/h3>\t\t\t\t<\/div>\n\t\t\t\t<\/div>\n\t\t\t\t<div class=\"elementor-element elementor-element-6f0838b elementor-invisible elementor-widget elementor-widget-text-editor\" data-id=\"6f0838b\" data-element_type=\"widget\" data-e-type=\"widget\" data-settings=\"{&quot;_animation&quot;:&quot;fadeIn&quot;,&quot;_animation_delay&quot;:100}\" data-widget_type=\"text-editor.default\">\n\t\t\t\t<div class=\"elementor-widget-container\">\n\t\t\t\t\t\t\t\t\t<p>La transici\u00f3n energ\u00e9tica se refiere a la transici\u00f3n de un sistema energ\u00e9tico basado en combustibles f\u00f3siles (petr\u00f3leo, gas natural, carb\u00f3n) y energ\u00eda nuclear a otro basado en energ\u00edas renovables (solar, e\u00f3lica, hidr\u00e1ulica, biomasa, geot\u00e9rmica).<\/p>\n<\/p>\n<p>Esta transformaci\u00f3n pretende <span style=\"color: #fd5f04;\">reducir las emisiones de gases de efecto invernadero<\/span>, <span style=\"color: #fd5f04;\">limitar el impacto medioambiental<\/span> de la producci\u00f3n de energ\u00eda y <span style=\"color: #fd5f04;\">garantizar un suministro energ\u00e9tico sostenible y seguro<\/span>.<\/p>\n<\/p>\n<p>Los <span style=\"color: #fd5f04;\">beneficios medioambientales, econ\u00f3micos y sociales<\/span> de esta transici\u00f3n son inmensos, por lo que esta transformaci\u00f3n es esencial para el desarrollo sostenible.<\/p>\n\t\t\t\t\t\t\t\t<\/div>\n\t\t\t\t<\/div>\n\t\t\t\t<\/div>\n\t\t\t\t<\/div>\n\t\t<div class=\"elementor-element elementor-element-95295ef e-con-full e-flex e-con e-child\" data-id=\"95295ef\" data-element_type=\"container\" data-e-type=\"container\" data-settings=\"{&quot;jet_parallax_layout_list&quot;:[]}\">\n\t\t<div class=\"elementor-element elementor-element-f17e4bc e-con-full e-flex e-con e-child\" data-id=\"f17e4bc\" data-element_type=\"container\" data-e-type=\"container\" data-settings=\"{&quot;background_background&quot;:&quot;classic&quot;,&quot;jet_parallax_layout_list&quot;:[]}\">\n\t\t\t\t<div class=\"elementor-element elementor-element-1aac6af elementor-invisible elementor-widget elementor-widget-heading\" data-id=\"1aac6af\" data-element_type=\"widget\" data-e-type=\"widget\" data-settings=\"{&quot;_animation&quot;:&quot;fadeIn&quot;,&quot;_animation_delay&quot;:50}\" data-widget_type=\"heading.default\">\n\t\t\t\t<div class=\"elementor-widget-container\">\n\t\t\t\t\t<h3 class=\"elementor-heading-title elementor-size-default\">Proyectos participativos<\/h3>\t\t\t\t<\/div>\n\t\t\t\t<\/div>\n\t\t\t\t<div class=\"elementor-element elementor-element-700d6d3 elementor-invisible elementor-widget elementor-widget-text-editor\" data-id=\"700d6d3\" data-element_type=\"widget\" data-e-type=\"widget\" data-settings=\"{&quot;_animation&quot;:&quot;fadeIn&quot;,&quot;_animation_delay&quot;:100}\" data-widget_type=\"text-editor.default\">\n\t\t\t\t<div class=\"elementor-widget-container\">\n\t\t\t\t\t\t\t\t\t<p>Los proyectos inmobiliarios participativos son <span style=\"color: #fd5f04;\">iniciativas<\/span> en las que <span style=\"color: #fd5f04;\">varios actores<\/span>, a menudo ciudadanos o futuros ocupantes, <span style=\"color: #fd5f04;\">colaboran para dise\u00f1ar, financiar y construir proyectos inmobiliarios.<\/span> Estos proyectos tambi\u00e9n se conocen como \u00abvivienda participativa\u00bb o \u00abcovivienda\u00bb, y ofrecen numerosas <span style=\"color: #fd5f04;\">ventajas econ\u00f3micas, sociales y medioambientales<\/span>.<\/p>\n<\/p>\n<p>Estos proyectos inmobiliarios representan una alternativa innovadora y sostenible a los m\u00e9todos tradicionales de desarrollo inmobiliario. Promueven la <span style=\"color: #fd5f04;\">cohesi\u00f3n social, la sostenibilidad medioambiental y ofrecen soluciones econ\u00f3micas viables<\/span> a las personas que desean convertirse en propietarias de una vivienda o vivir en comunidades solidarias.<\/p>\n<p>Al implicar directamente a los futuros residentes en el dise\u00f1o y la gesti\u00f3n de sus viviendas, estos proyectos crean <span style=\"color: #fd5f04;\">espacios vitales mejor adaptados y m\u00e1s resistentes<\/span> ante los retos sociales y medioambientales actuales.<\/p>\n\t\t\t\t\t\t\t\t<\/div>\n\t\t\t\t<\/div>\n\t\t\t\t<\/div>\n\t\t\t\t<\/div>\n\t\t\t\t\t<\/div>\n\t\t\t\t<\/div>\n\t\t\t\t<\/div>\n\t\t","protected":false},"excerpt":{"rendered":"<p>Nuestros servicios empresariales Los servicios a las empresas inmobiliarias son variados y abarcan una amplia gama de actividades destinadas a satisfacer las necesidades de los clientes de este sector. Los servicios empresariales inmobiliarios desempe\u00f1an un papel crucial para garantizar que las transacciones se realicen de forma eficaz, legal y en beneficio de todas las partes implicadas. Proporcionan un apoyo profesional esencial para gestionar, comprar, &#8230;<\/p>\n","protected":false},"author":1,"featured_media":0,"parent":0,"menu_order":0,"comment_status":"closed","ping_status":"closed","template":"elementor_header_footer","meta":{"inline_featured_image":false,"footnotes":""},"class_list":["post-29207","page","type-page","status-publish","hentry"],"_links":{"self":[{"href":"https:\/\/bellisimob.es\/es\/wp-json\/wp\/v2\/pages\/29207","targetHints":{"allow":["GET"]}}],"collection":[{"href":"https:\/\/bellisimob.es\/es\/wp-json\/wp\/v2\/pages"}],"about":[{"href":"https:\/\/bellisimob.es\/es\/wp-json\/wp\/v2\/types\/page"}],"author":[{"embeddable":true,"href":"https:\/\/bellisimob.es\/es\/wp-json\/wp\/v2\/users\/1"}],"replies":[{"embeddable":true,"href":"https:\/\/bellisimob.es\/es\/wp-json\/wp\/v2\/comments?post=29207"}],"version-history":[{"count":1,"href":"https:\/\/bellisimob.es\/es\/wp-json\/wp\/v2\/pages\/29207\/revisions"}],"predecessor-version":[{"id":29210,"href":"https:\/\/bellisimob.es\/es\/wp-json\/wp\/v2\/pages\/29207\/revisions\/29210"}],"wp:attachment":[{"href":"https:\/\/bellisimob.es\/es\/wp-json\/wp\/v2\/media?parent=29207"}],"curies":[{"name":"wp","href":"https:\/\/api.w.org\/{rel}","templated":true}]}}