{"id":29218,"date":"2023-11-18T11:04:00","date_gmt":"2023-11-18T10:04:00","guid":{"rendered":"https:\/\/bellisimob.es\/sobre-nosotros\/"},"modified":"2026-02-27T10:59:24","modified_gmt":"2026-02-27T09:59:24","slug":"sobre-nosotros","status":"publish","type":"page","link":"https:\/\/bellisimob.es\/es\/sobre-nosotros\/","title":{"rendered":"Sobre nosotros"},"content":{"rendered":"\t\t<div data-elementor-type=\"wp-page\" data-elementor-id=\"29218\" class=\"elementor elementor-29218 elementor-21420\" data-elementor-post-type=\"page\">\n\t\t\t\t<div class=\"elementor-element elementor-element-deb3afe e-flex e-con-boxed e-con e-parent\" data-id=\"deb3afe\" data-element_type=\"container\" data-e-type=\"container\" data-settings=\"{&quot;background_background&quot;:&quot;classic&quot;,&quot;jet_parallax_layout_list&quot;:[]}\">\n\t\t\t\t\t<div class=\"e-con-inner\">\n\t\t<div class=\"elementor-element elementor-element-2e777dd e-con-full e-flex e-con e-child\" data-id=\"2e777dd\" data-element_type=\"container\" data-e-type=\"container\" data-settings=\"{&quot;background_background&quot;:&quot;classic&quot;,&quot;jet_parallax_layout_list&quot;:[]}\">\n\t\t\t\t<div class=\"elementor-element elementor-element-3a59c8a elementor-invisible elementor-widget elementor-widget-heading\" data-id=\"3a59c8a\" data-element_type=\"widget\" data-e-type=\"widget\" data-settings=\"{&quot;_animation&quot;:&quot;fadeIn&quot;}\" data-widget_type=\"heading.default\">\n\t\t\t\t<div class=\"elementor-widget-container\">\n\t\t\t\t\t<h2 class=\"elementor-heading-title elementor-size-default\">Sobre nosotros<\/h2>\t\t\t\t<\/div>\n\t\t\t\t<\/div>\n\t\t\t\t<div class=\"elementor-element elementor-element-ace2317 elementor-invisible elementor-widget elementor-widget-text-editor\" data-id=\"ace2317\" data-element_type=\"widget\" data-e-type=\"widget\" data-settings=\"{&quot;_animation&quot;:&quot;fadeIn&quot;,&quot;_animation_delay&quot;:100}\" data-widget_type=\"text-editor.default\">\n\t\t\t\t<div class=\"elementor-widget-container\">\n\t\t\t\t\t\t\t\t\t<p>Vivir en Espa\u00f1a tiene muchas ventajas, desde un <span style=\"color: #fd5f04;\">clima agradable<\/span> hasta una <span style=\"color: #fd5f04;\">gran riqueza cultural<\/span>, <span style=\"color: #fd5f04;\">una gastronom\u00eda de fama mundial<\/span> y un pa\u00eds con <span style=\"color: #fd5f04;\">una gran variedad de paisajes<\/span>.<\/p><p>En comparaci\u00f3n con otros pa\u00edses europeos, el <span style=\"color: #fd5f04;\">coste de la vida<\/span> en Espa\u00f1a es <span style=\"color: #fd5f04;\">relativamente bajo<\/span>. Los alquileres, la comida y los servicios suelen ser m\u00e1s asequibles.<\/p><p>Espa\u00f1a tambi\u00e9n alberga una<span style=\"color: #fd5f04;\">gran comunidad de expatriados<\/span>, que puede facilitar la integraci\u00f3n y ofrecer una red de apoyo a quienes se trasladan desde el extranjero.<\/p><p><span style=\"color: #fd5f04;\">Bellisimob te facilitar\u00e1 el acceso a<\/span> tus futuros proyectos inmobiliarios.<\/p><p><span style=\"color: #fd5f04;\">Nuestro equipo<\/span>, formado por ciudadanos <span style=\"color: #fd5f04;\">belgas, suizos y espa\u00f1oles<\/span> residentes en Andaluc\u00eda, nos permite <span style=\"color: #fd5f04;\">conocer a fondo la legislaci\u00f3n vigente<\/span> y <span style=\"color: #fd5f04;\">comprender las preocupaciones de las personas<\/span> que desean invertir o vivir en Espa\u00f1a.<\/p>\t\t\t\t\t\t\t\t<\/div>\n\t\t\t\t<\/div>\n\t\t<div class=\"elementor-element elementor-element-89354e3 e-flex e-con-boxed e-con e-child\" data-id=\"89354e3\" data-element_type=\"container\" data-e-type=\"container\" data-settings=\"{&quot;jet_parallax_layout_list&quot;:[]}\">\n\t\t\t\t\t<div class=\"e-con-inner\">\n\t\t\t\t<div class=\"elementor-element elementor-element-104b9aa elementor-shape-circle e-grid-align-left elementor-grid-0 elementor-invisible elementor-widget elementor-widget-social-icons\" data-id=\"104b9aa\" data-element_type=\"widget\" data-e-type=\"widget\" data-settings=\"{&quot;_animation&quot;:&quot;fadeIn&quot;}\" data-widget_type=\"social-icons.default\">\n\t\t\t\t<div class=\"elementor-widget-container\">\n\t\t\t\t\t\t\t<div class=\"elementor-social-icons-wrapper elementor-grid\" role=\"list\">\n\t\t\t\t\t\t\t<span class=\"elementor-grid-item\" role=\"listitem\">\n\t\t\t\t\t<a class=\"elementor-icon elementor-social-icon elementor-social-icon-facebook elementor-repeater-item-16f0e33\" target=\"_blank\">\n\t\t\t\t\t\t<span class=\"elementor-screen-only\">Facebook<\/span>\n\t\t\t\t\t\t<svg aria-hidden=\"true\" class=\"e-font-icon-svg e-fab-facebook\" viewBox=\"0 0 512 512\" xmlns=\"http:\/\/www.w3.org\/2000\/svg\"><path d=\"M504 256C504 119 393 8 256 8S8 119 8 256c0 123.78 90.69 226.38 209.25 245V327.69h-63V256h63v-54.64c0-62.15 37-96.48 93.67-96.48 27.14 0 55.52 4.84 55.52 4.84v61h-31.28c-30.8 0-40.41 19.12-40.41 38.73V256h68.78l-11 71.69h-57.78V501C413.31 482.38 504 379.78 504 256z\"><\/path><\/svg>\t\t\t\t\t<\/a>\n\t\t\t\t<\/span>\n\t\t\t\t\t\t\t<span class=\"elementor-grid-item\" role=\"listitem\">\n\t\t\t\t\t<a class=\"elementor-icon elementor-social-icon elementor-social-icon-instagram elementor-repeater-item-6e987d0\" target=\"_blank\">\n\t\t\t\t\t\t<span class=\"elementor-screen-only\">Instagram<\/span>\n\t\t\t\t\t\t<svg aria-hidden=\"true\" class=\"e-font-icon-svg e-fab-instagram\" viewBox=\"0 0 448 512\" xmlns=\"http:\/\/www.w3.org\/2000\/svg\"><path d=\"M224.1 141c-63.6 0-114.9 51.3-114.9 114.9s51.3 114.9 114.9 114.9S339 319.5 339 255.9 287.7 141 224.1 141zm0 189.6c-41.1 0-74.7-33.5-74.7-74.7s33.5-74.7 74.7-74.7 74.7 33.5 74.7 74.7-33.6 74.7-74.7 74.7zm146.4-194.3c0 14.9-12 26.8-26.8 26.8-14.9 0-26.8-12-26.8-26.8s12-26.8 26.8-26.8 26.8 12 26.8 26.8zm76.1 27.2c-1.7-35.9-9.9-67.7-36.2-93.9-26.2-26.2-58-34.4-93.9-36.2-37-2.1-147.9-2.1-184.9 0-35.8 1.7-67.6 9.9-93.9 36.1s-34.4 58-36.2 93.9c-2.1 37-2.1 147.9 0 184.9 1.7 35.9 9.9 67.7 36.2 93.9s58 34.4 93.9 36.2c37 2.1 147.9 2.1 184.9 0 35.9-1.7 67.7-9.9 93.9-36.2 26.2-26.2 34.4-58 36.2-93.9 2.1-37 2.1-147.8 0-184.8zM398.8 388c-7.8 19.6-22.9 34.7-42.6 42.6-29.5 11.7-99.5 9-132.1 9s-102.7 2.6-132.1-9c-19.6-7.8-34.7-22.9-42.6-42.6-11.7-29.5-9-99.5-9-132.1s-2.6-102.7 9-132.1c7.8-19.6 22.9-34.7 42.6-42.6 29.5-11.7 99.5-9 132.1-9s102.7-2.6 132.1 9c19.6 7.8 34.7 22.9 42.6 42.6 11.7 29.5 9 99.5 9 132.1s2.7 102.7-9 132.1z\"><\/path><\/svg>\t\t\t\t\t<\/a>\n\t\t\t\t<\/span>\n\t\t\t\t\t\t\t<span class=\"elementor-grid-item\" role=\"listitem\">\n\t\t\t\t\t<a class=\"elementor-icon elementor-social-icon elementor-social-icon-youtube elementor-repeater-item-cbf3f16\" target=\"_blank\">\n\t\t\t\t\t\t<span class=\"elementor-screen-only\">Youtube<\/span>\n\t\t\t\t\t\t<svg aria-hidden=\"true\" class=\"e-font-icon-svg e-fab-youtube\" viewBox=\"0 0 576 512\" xmlns=\"http:\/\/www.w3.org\/2000\/svg\"><path d=\"M549.655 124.083c-6.281-23.65-24.787-42.276-48.284-48.597C458.781 64 288 64 288 64S117.22 64 74.629 75.486c-23.497 6.322-42.003 24.947-48.284 48.597-11.412 42.867-11.412 132.305-11.412 132.305s0 89.438 11.412 132.305c6.281 23.65 24.787 41.5 48.284 47.821C117.22 448 288 448 288 448s170.78 0 213.371-11.486c23.497-6.321 42.003-24.171 48.284-47.821 11.412-42.867 11.412-132.305 11.412-132.305s0-89.438-11.412-132.305zm-317.51 213.508V175.185l142.739 81.205-142.739 81.201z\"><\/path><\/svg>\t\t\t\t\t<\/a>\n\t\t\t\t<\/span>\n\t\t\t\t\t\t\t<span class=\"elementor-grid-item\" role=\"listitem\">\n\t\t\t\t\t<a class=\"elementor-icon elementor-social-icon elementor-social-icon-linkedin elementor-repeater-item-71594b8\" target=\"_blank\">\n\t\t\t\t\t\t<span class=\"elementor-screen-only\">Linkedin<\/span>\n\t\t\t\t\t\t<svg aria-hidden=\"true\" class=\"e-font-icon-svg e-fab-linkedin\" viewBox=\"0 0 448 512\" xmlns=\"http:\/\/www.w3.org\/2000\/svg\"><path d=\"M416 32H31.9C14.3 32 0 46.5 0 64.3v383.4C0 465.5 14.3 480 31.9 480H416c17.6 0 32-14.5 32-32.3V64.3c0-17.8-14.4-32.3-32-32.3zM135.4 416H69V202.2h66.5V416zm-33.2-243c-21.3 0-38.5-17.3-38.5-38.5S80.9 96 102.2 96c21.2 0 38.5 17.3 38.5 38.5 0 21.3-17.2 38.5-38.5 38.5zm282.1 243h-66.4V312c0-24.8-.5-56.7-34.5-56.7-34.6 0-39.9 27-39.9 54.9V416h-66.4V202.2h63.7v29.2h.9c8.9-16.8 30.6-34.5 62.9-34.5 67.2 0 79.7 44.3 79.7 101.9V416z\"><\/path><\/svg>\t\t\t\t\t<\/a>\n\t\t\t\t<\/span>\n\t\t\t\t\t<\/div>\n\t\t\t\t\t\t<\/div>\n\t\t\t\t<\/div>\n\t\t\t\t<div class=\"elementor-element elementor-element-6636f9f elementor-widget__width-auto elementor-mobile-align-center elementor-widget-mobile__width-inherit elementor-invisible elementor-widget elementor-widget-button\" data-id=\"6636f9f\" data-element_type=\"widget\" data-e-type=\"widget\" data-settings=\"{&quot;_animation&quot;:&quot;fadeIn&quot;,&quot;_animation_delay&quot;:100}\" data-widget_type=\"button.default\">\n\t\t\t\t<div class=\"elementor-widget-container\">\n\t\t\t\t\t\t\t\t\t<div class=\"elementor-button-wrapper\">\n\t\t\t\t\t<a class=\"elementor-button elementor-button-link elementor-size-sm\" href=\"\/contact-us\/\">\n\t\t\t\t\t\t<span class=\"elementor-button-content-wrapper\">\n\t\t\t\t\t\t<span class=\"elementor-button-icon\">\n\t\t\t\t<svg aria-hidden=\"true\" class=\"e-font-icon-svg e-fas-long-arrow-alt-right\" viewBox=\"0 0 448 512\" xmlns=\"http:\/\/www.w3.org\/2000\/svg\"><path d=\"M313.941 216H12c-6.627 0-12 5.373-12 12v56c0 6.627 5.373 12 12 12h301.941v46.059c0 21.382 25.851 32.09 40.971 16.971l86.059-86.059c9.373-9.373 9.373-24.569 0-33.941l-86.059-86.059c-15.119-15.119-40.971-4.411-40.971 16.971V216z\"><\/path><\/svg>\t\t\t<\/span>\n\t\t\t\t\t\t\t\t\t<span class=\"elementor-button-text\">Contacta con nosotros<\/span>\n\t\t\t\t\t<\/span>\n\t\t\t\t\t<\/a>\n\t\t\t\t<\/div>\n\t\t\t\t\t\t\t\t<\/div>\n\t\t\t\t<\/div>\n\t\t\t\t\t<\/div>\n\t\t\t\t<\/div>\n\t\t\t\t<\/div>\n\t\t<div class=\"elementor-element elementor-element-879b33d e-con-full e-flex e-con e-child\" data-id=\"879b33d\" data-element_type=\"container\" data-e-type=\"container\" data-settings=\"{&quot;background_background&quot;:&quot;classic&quot;,&quot;jet_parallax_layout_list&quot;:[]}\">\n\t\t\t\t<\/div>\n\t\t\t\t\t<\/div>\n\t\t\t\t<\/div>\n\t\t<div class=\"elementor-element elementor-element-aa3cf56 e-flex e-con-boxed e-con e-parent\" data-id=\"aa3cf56\" data-element_type=\"container\" data-e-type=\"container\" data-settings=\"{&quot;background_background&quot;:&quot;classic&quot;,&quot;jet_parallax_layout_list&quot;:[]}\">\n\t\t\t\t\t<div class=\"e-con-inner\">\n\t\t<div class=\"elementor-element elementor-element-8b5c948 e-flex e-con-boxed e-con e-child\" data-id=\"8b5c948\" data-element_type=\"container\" data-e-type=\"container\" data-settings=\"{&quot;jet_parallax_layout_list&quot;:[]}\">\n\t\t\t\t\t<div class=\"e-con-inner\">\n\t\t<div class=\"elementor-element elementor-element-3b35565 e-con-full e-flex e-con e-child\" data-id=\"3b35565\" data-element_type=\"container\" data-e-type=\"container\" data-settings=\"{&quot;background_background&quot;:&quot;classic&quot;,&quot;jet_parallax_layout_list&quot;:[]}\">\n\t\t\t\t<div class=\"elementor-element elementor-element-01f0b4d elementor-invisible elementor-widget elementor-widget-heading\" data-id=\"01f0b4d\" data-element_type=\"widget\" data-e-type=\"widget\" data-settings=\"{&quot;_animation&quot;:&quot;fadeIn&quot;,&quot;_animation_delay&quot;:50}\" data-widget_type=\"heading.default\">\n\t\t\t\t<div class=\"elementor-widget-container\">\n\t\t\t\t\t<h3 class=\"elementor-heading-title elementor-size-default\">Nuestra visi\u00f3n<\/h3>\t\t\t\t<\/div>\n\t\t\t\t<\/div>\n\t\t\t\t<div class=\"elementor-element elementor-element-f1e38b9 elementor-invisible elementor-widget elementor-widget-text-editor\" data-id=\"f1e38b9\" data-element_type=\"widget\" data-e-type=\"widget\" data-settings=\"{&quot;_animation&quot;:&quot;fadeIn&quot;,&quot;_animation_delay&quot;:100}\" data-widget_type=\"text-editor.default\">\n\t\t\t\t<div class=\"elementor-widget-container\">\n\t\t\t\t\t\t\t\t\t<p>Seleccionamos propiedades para <span style=\"color: #fd5f04;\">amantes de la naturaleza<\/span> que est\u00e9n cerca de los servicios urbanos. El valle del Guadalhorce es el lugar perfecto para estar en <span style=\"color: #fd5f04;\">armon\u00eda con la naturaleza<\/span>, pero <span style=\"color: #fd5f04;\">cerca de M\u00e1laga<\/span>, las <span style=\"color: #fd5f04;\">playas<\/span>, el<span style=\"color: #fd5f04;\">aeropuerto<\/span> y <span style=\"color: #fd5f04;\">todos los servicios<\/span>.<\/p>\t\t\t\t\t\t\t\t<\/div>\n\t\t\t\t<\/div>\n\t\t\t\t<\/div>\n\t\t<div class=\"elementor-element elementor-element-9cc1e61 e-con-full e-flex e-con e-child\" data-id=\"9cc1e61\" data-element_type=\"container\" data-e-type=\"container\" data-settings=\"{&quot;background_background&quot;:&quot;classic&quot;,&quot;jet_parallax_layout_list&quot;:[]}\">\n\t\t\t\t<div class=\"elementor-element elementor-element-3792f28 elementor-invisible elementor-widget elementor-widget-heading\" data-id=\"3792f28\" data-element_type=\"widget\" data-e-type=\"widget\" data-settings=\"{&quot;_animation&quot;:&quot;fadeIn&quot;,&quot;_animation_delay&quot;:50}\" data-widget_type=\"heading.default\">\n\t\t\t\t<div class=\"elementor-widget-container\">\n\t\t\t\t\t<h3 class=\"elementor-heading-title elementor-size-default\">Nuestra direcci\u00f3n<\/h3>\t\t\t\t<\/div>\n\t\t\t\t<\/div>\n\t\t\t\t<div class=\"elementor-element elementor-element-c1ad337 elementor-invisible elementor-widget elementor-widget-text-editor\" data-id=\"c1ad337\" data-element_type=\"widget\" data-e-type=\"widget\" data-settings=\"{&quot;_animation&quot;:&quot;fadeIn&quot;,&quot;_animation_delay&quot;:100}\" data-widget_type=\"text-editor.default\">\n\t\t\t\t<div class=\"elementor-widget-container\">\n\t\t\t\t\t\t\t\t\t<p><span style=\"color: #fd5f04;\">Gesti\u00f3n<\/span> <span style=\"color: #fd5f04;\">administrativa<\/span> y comercial <span style=\"color: #fd5f04;\">de calidad suiza<\/span>.<\/p><p>Con m\u00e1s de 30 a\u00f1os de experiencia en el sector y nuestros h\u00e1bitos de trabajo suizos, somos capaces de mantener una <span style=\"color: #fd5f04;\">relaci\u00f3n de confianza<\/span> y <span style=\"color: #fd5f04;\">transparencia<\/span> con nuestros clientes, al tiempo que aceptamos las costumbres y tradiciones locales.<\/p>\t\t\t\t\t\t\t\t<\/div>\n\t\t\t\t<\/div>\n\t\t\t\t<\/div>\n\t\t\t\t\t<\/div>\n\t\t\t\t<\/div>\n\t\t<div class=\"elementor-element elementor-element-61f1dc3 e-flex e-con-boxed e-con e-child\" data-id=\"61f1dc3\" data-element_type=\"container\" data-e-type=\"container\" data-settings=\"{&quot;jet_parallax_layout_list&quot;:[]}\">\n\t\t\t\t\t<div class=\"e-con-inner\">\n\t\t<div class=\"elementor-element elementor-element-39d8aa0 e-con-full e-flex e-con e-child\" data-id=\"39d8aa0\" data-element_type=\"container\" data-e-type=\"container\" data-settings=\"{&quot;background_background&quot;:&quot;classic&quot;,&quot;jet_parallax_layout_list&quot;:[]}\">\n\t\t\t\t<div class=\"elementor-element elementor-element-9912da0 elementor-invisible elementor-widget elementor-widget-heading\" data-id=\"9912da0\" data-element_type=\"widget\" data-e-type=\"widget\" data-settings=\"{&quot;_animation&quot;:&quot;fadeIn&quot;,&quot;_animation_delay&quot;:50}\" data-widget_type=\"heading.default\">\n\t\t\t\t<div class=\"elementor-widget-container\">\n\t\t\t\t\t<h3 class=\"elementor-heading-title elementor-size-default\">Nuestros valores<\/h3>\t\t\t\t<\/div>\n\t\t\t\t<\/div>\n\t\t\t\t<div class=\"elementor-element elementor-element-7687f50 elementor-invisible elementor-widget elementor-widget-text-editor\" data-id=\"7687f50\" data-element_type=\"widget\" data-e-type=\"widget\" data-settings=\"{&quot;_animation&quot;:&quot;fadeIn&quot;,&quot;_animation_delay&quot;:100}\" data-widget_type=\"text-editor.default\">\n\t\t\t\t<div class=\"elementor-widget-container\">\n\t\t\t\t\t\t\t\t\t<p>Ofrecemos <span style=\"color: #fd5f04;\">inmuebles de alto valor<\/span> para una <span style=\"color: #fd5f04;\">calidad de vida saludable.<\/span> Somos <span style=\"color: #fd5f04;\">transparentes<\/span> en la descripci\u00f3n del inmueble y su entorno, as\u00ed como en <span style=\"color: #fd5f04;\">la situaci\u00f3n administrativa de<\/span> los inmuebles.<\/p>\t\t\t\t\t\t\t\t<\/div>\n\t\t\t\t<\/div>\n\t\t\t\t<\/div>\n\t\t<div class=\"elementor-element elementor-element-b7cdecb e-con-full e-flex e-con e-child\" data-id=\"b7cdecb\" data-element_type=\"container\" data-e-type=\"container\" data-settings=\"{&quot;background_background&quot;:&quot;classic&quot;,&quot;jet_parallax_layout_list&quot;:[]}\">\n\t\t\t\t<div class=\"elementor-element elementor-element-001f25e elementor-invisible elementor-widget elementor-widget-heading\" data-id=\"001f25e\" data-element_type=\"widget\" data-e-type=\"widget\" data-settings=\"{&quot;_animation&quot;:&quot;fadeIn&quot;,&quot;_animation_delay&quot;:50}\" data-widget_type=\"heading.default\">\n\t\t\t\t<div class=\"elementor-widget-container\">\n\t\t\t\t\t<h3 class=\"elementor-heading-title elementor-size-default\">Nuestros recursos<\/h3>\t\t\t\t<\/div>\n\t\t\t\t<\/div>\n\t\t\t\t<div class=\"elementor-element elementor-element-ad4bd12 elementor-invisible elementor-widget elementor-widget-text-editor\" data-id=\"ad4bd12\" data-element_type=\"widget\" data-e-type=\"widget\" data-settings=\"{&quot;_animation&quot;:&quot;fadeIn&quot;,&quot;_animation_delay&quot;:100}\" data-widget_type=\"text-editor.default\">\n\t\t\t\t<div class=\"elementor-widget-container\">\n\t\t\t\t\t\t\t\t\t<p>Gracias a nuestra <span style=\"color: #fd5f04;\">red local<\/span>, <span style=\"color: #fd5f04;\">experiencia en el mercado<\/span> y <span style=\"color: #fd5f04;\">socios de confianza<\/span>, facilitamos la venta con \u00e9xito de casas de campo en Espa\u00f1a.<\/p>\t\t\t\t\t\t\t\t<\/div>\n\t\t\t\t<\/div>\n\t\t\t\t<\/div>\n\t\t\t\t\t<\/div>\n\t\t\t\t<\/div>\n\t\t\t\t\t<\/div>\n\t\t\t\t<\/div>\n\t\t<div class=\"elementor-element elementor-element-2ba30dc e-con-full e-flex e-con e-parent\" data-id=\"2ba30dc\" data-element_type=\"container\" data-e-type=\"container\" data-settings=\"{&quot;background_background&quot;:&quot;classic&quot;,&quot;jet_parallax_layout_list&quot;:[]}\">\n\t\t<div class=\"elementor-element elementor-element-b88fcfa e-flex e-con-boxed e-con e-child\" data-id=\"b88fcfa\" data-element_type=\"container\" data-e-type=\"container\" data-settings=\"{&quot;jet_parallax_layout_list&quot;:[]}\">\n\t\t\t\t\t<div class=\"e-con-inner\">\n\t\t\t\t<div class=\"elementor-element elementor-element-5a26b3a elementor-invisible elementor-widget elementor-widget-heading\" data-id=\"5a26b3a\" data-element_type=\"widget\" data-e-type=\"widget\" data-settings=\"{&quot;_animation&quot;:&quot;fadeIn&quot;}\" data-widget_type=\"heading.default\">\n\t\t\t\t<div class=\"elementor-widget-container\">\n\t\t\t\t\t<h2 class=\"elementor-heading-title elementor-size-default\">Nuestro equipo<\/h2>\t\t\t\t<\/div>\n\t\t\t\t<\/div>\n\t\t\t\t<div class=\"elementor-element elementor-element-611ca1f elementor-invisible elementor-widget elementor-widget-text-editor\" data-id=\"611ca1f\" data-element_type=\"widget\" data-e-type=\"widget\" data-settings=\"{&quot;_animation&quot;:&quot;fadeIn&quot;,&quot;_animation_delay&quot;:100}\" data-widget_type=\"text-editor.default\">\n\t\t\t\t<div class=\"elementor-widget-container\">\n\t\t\t\t\t\t\t\t\t<p>Nuestro equipo es reconocido por todos -clientes, promotores, vendedores y profesionales del sector- por su pasi\u00f3n, experiencia y empuje a la hora de ayudar a compradores y vendedores en uno de los lugares m\u00e1s pintorescos y soleados de Europa, Espa\u00f1a.<\/p>\t\t\t\t\t\t\t\t<\/div>\n\t\t\t\t<\/div>\n\t\t\t\t\t<\/div>\n\t\t\t\t<\/div>\n\t\t<div class=\"elementor-element elementor-element-a965bd5 e-flex e-con-boxed e-con e-child\" data-id=\"a965bd5\" data-element_type=\"container\" data-e-type=\"container\" data-settings=\"{&quot;jet_parallax_layout_list&quot;:[]}\">\n\t\t\t\t\t<div class=\"e-con-inner\">\n\t\t\t\t<div class=\"elementor-element elementor-element-3c6f1ef elementor-widget elementor-widget-WpResidence_List_Agents\" data-id=\"3c6f1ef\" data-element_type=\"widget\" data-e-type=\"widget\" data-widget_type=\"WpResidence_List_Agents.default\">\n\t\t\t\t<div class=\"elementor-widget-container\">\n\t\t\t\t\t<div class=\"wpresidence_shortcode_listings_wrapper bottom-estate_agent nobutton row\">\n<div class=\"wpresidence_agent_unit_wrapper col-lg-4 col-12 col-sm-6 col-md-6  listing_wrapper   \">         \n    <div class=\"agent_unit\" data-link=\"https:\/\/bellisimob.es\/es\/estate_agent\/elena-figueiras\/\">\n        <div class=\"agent-unit-img-wrapper\">\n            <img fetchpriority=\"high\" decoding=\"async\" width=\"525\" height=\"328\" src=\"https:\/\/bellisimob.es\/wp-content\/uploads\/2014\/05\/FigueirasE-525x328.jpg\" class=\"lazyload img-responsive wp-post-image\" alt=\"\" \/>        <\/div>    \n\n        <h4><a href=\"https:\/\/bellisimob.es\/es\/estate_agent\/elena-figueiras\/\">Elena Figueiras<\/a><\/h4><div class=\"agent_position\"><\/div><div class=\"agent_card_content\">Estoy deseando trabajar contigo y ayudarte a realizar tus planes inmobiliarios. Si tienes  <a href=\"https:\/\/bellisimob.es\/es\/estate_agent\/elena-figueiras\/\" class=\"unit_more_x\">...<\/a><\/div>\n        <div class=\"agent_unit_social agent_list\">\n            <div class=\"wpestate_agent_unit_social\"><\/div><div class=\"agent_unit_email\"><a href=\"mailto:in&#102;&#111;&#64;&#98;&#101;&#108;&#108;i&#115;&#105;mo&#98;&#46;&#101;&#115;\" rel=\"noopener\"><i class=\"fas fa-envelope\"><\/i><\/a><\/div>        <\/div>\n    <\/div>\n<\/div>\n<div class=\"wpresidence_agent_unit_wrapper col-lg-4 col-12 col-sm-6 col-md-6  listing_wrapper   \">         \n    <div class=\"agent_unit\" data-link=\"https:\/\/bellisimob.es\/es\/estate_agent\/vincent-haymoz\/\">\n        <div class=\"agent-unit-img-wrapper\">\n            <img decoding=\"async\" width=\"525\" height=\"328\" src=\"https:\/\/bellisimob.es\/wp-content\/uploads\/2014\/05\/HaymozV-2-525x328.jpg\" class=\"lazyload img-responsive wp-post-image\" alt=\"\" \/>        <\/div>    \n\n        <h4><a href=\"https:\/\/bellisimob.es\/es\/estate_agent\/vincent-haymoz\/\">Vincent Haymoz<\/a><\/h4><div class=\"agent_position\"><\/div><div class=\"agent_card_content\">Mi objetivo es ayudar a nuestros clientes a encontrar la casa de sus sue\u00f1os o a vender su  <a href=\"https:\/\/bellisimob.es\/es\/estate_agent\/vincent-haymoz\/\" class=\"unit_more_x\">...<\/a><\/div>\n        <div class=\"agent_unit_social agent_list\">\n            <div class=\"wpestate_agent_unit_social\"><\/div><div class=\"agent_unit_email\"><a href=\"mailto:in&#102;&#111;&#64;bel&#108;&#105;s&#105;mo&#98;.&#101;s\" rel=\"noopener\"><i class=\"fas fa-envelope\"><\/i><\/a><\/div>        <\/div>\n    <\/div>\n<\/div>\n<div class=\"wpresidence_agent_unit_wrapper col-lg-4 col-12 col-sm-6 col-md-6  listing_wrapper   \">         \n    <div class=\"agent_unit\" data-link=\"https:\/\/bellisimob.es\/es\/estate_agent\/gerard-boxstal\/\">\n        <div class=\"agent-unit-img-wrapper\">\n            <img decoding=\"async\" width=\"525\" height=\"328\" src=\"https:\/\/bellisimob.es\/wp-content\/uploads\/2014\/05\/BoxtsalG-1-525x328.jpg\" class=\"lazyload img-responsive wp-post-image\" alt=\"\" \/>        <\/div>    \n\n        <h4><a href=\"https:\/\/bellisimob.es\/es\/estate_agent\/gerard-boxstal\/\">Gerard Boxstal<\/a><\/h4><div class=\"agent_position\"><\/div><div class=\"agent_card_content\">Con 30 a\u00f1os de experiencia en el sector inmobiliario, he adquirido una profunda experienci <a href=\"https:\/\/bellisimob.es\/es\/estate_agent\/gerard-boxstal\/\" class=\"unit_more_x\">...<\/a><\/div>\n        <div class=\"agent_unit_social agent_list\">\n            <div class=\"wpestate_agent_unit_social\"><\/div><div class=\"agent_unit_email\"><a href=\"mailto:info&#64;&#98;&#101;&#108;&#108;is&#105;&#109;ob&#46;&#101;s\" rel=\"noopener\"><i class=\"fas fa-envelope\"><\/i><\/a><\/div>        <\/div>\n    <\/div>\n<\/div><\/div>\t\t\t\t<\/div>\n\t\t\t\t<\/div>\n\t\t\t\t\t<\/div>\n\t\t\t\t<\/div>\n\t\t\t\t<\/div>\n\t\t\t\t<\/div>\n\t\t","protected":false},"excerpt":{"rendered":"<p>Sobre nosotros Vivir en Espa\u00f1a tiene muchas ventajas, desde un clima agradable hasta una gran riqueza cultural, una gastronom\u00eda de fama mundial y un pa\u00eds con una gran variedad de paisajes. En comparaci\u00f3n con otros pa\u00edses europeos, el coste de la vida en Espa\u00f1a es relativamente bajo. Los alquileres, la comida y los servicios suelen ser m\u00e1s asequibles. Espa\u00f1a tambi\u00e9n alberga unagran comunidad de &#8230;<\/p>\n","protected":false},"author":1,"featured_media":0,"parent":0,"menu_order":0,"comment_status":"closed","ping_status":"closed","template":"elementor_header_footer","meta":{"inline_featured_image":false,"footnotes":""},"class_list":["post-29218","page","type-page","status-publish","hentry"],"_links":{"self":[{"href":"https:\/\/bellisimob.es\/es\/wp-json\/wp\/v2\/pages\/29218","targetHints":{"allow":["GET"]}}],"collection":[{"href":"https:\/\/bellisimob.es\/es\/wp-json\/wp\/v2\/pages"}],"about":[{"href":"https:\/\/bellisimob.es\/es\/wp-json\/wp\/v2\/types\/page"}],"author":[{"embeddable":true,"href":"https:\/\/bellisimob.es\/es\/wp-json\/wp\/v2\/users\/1"}],"replies":[{"embeddable":true,"href":"https:\/\/bellisimob.es\/es\/wp-json\/wp\/v2\/comments?post=29218"}],"version-history":[{"count":3,"href":"https:\/\/bellisimob.es\/es\/wp-json\/wp\/v2\/pages\/29218\/revisions"}],"predecessor-version":[{"id":31202,"href":"https:\/\/bellisimob.es\/es\/wp-json\/wp\/v2\/pages\/29218\/revisions\/31202"}],"wp:attachment":[{"href":"https:\/\/bellisimob.es\/es\/wp-json\/wp\/v2\/media?parent=29218"}],"curies":[{"name":"wp","href":"https:\/\/api.w.org\/{rel}","templated":true}]}}