{"id":21420,"date":"2023-11-18T11:04:00","date_gmt":"2023-11-18T11:04:00","guid":{"rendered":"https:\/\/seattle.wpresidence.net\/?page_id=21420"},"modified":"2026-02-15T09:51:56","modified_gmt":"2026-02-15T08:51:56","slug":"a-propos","status":"publish","type":"page","link":"https:\/\/bellisimob.es\/fr\/a-propos\/","title":{"rendered":"A Propos"},"content":{"rendered":"\t\t<div data-elementor-type=\"wp-page\" data-elementor-id=\"21420\" class=\"elementor elementor-21420\" data-elementor-post-type=\"page\">\n\t\t\t\t<div class=\"elementor-element elementor-element-deb3afe e-flex e-con-boxed e-con e-parent\" data-id=\"deb3afe\" data-element_type=\"container\" data-e-type=\"container\" data-settings=\"{&quot;background_background&quot;:&quot;classic&quot;,&quot;jet_parallax_layout_list&quot;:[]}\">\n\t\t\t\t\t<div class=\"e-con-inner\">\n\t\t<div class=\"elementor-element elementor-element-2e777dd e-con-full e-flex e-con e-child\" data-id=\"2e777dd\" data-element_type=\"container\" data-e-type=\"container\" data-settings=\"{&quot;background_background&quot;:&quot;classic&quot;,&quot;jet_parallax_layout_list&quot;:[]}\">\n\t\t\t\t<div class=\"elementor-element elementor-element-3a59c8a elementor-invisible elementor-widget elementor-widget-heading\" data-id=\"3a59c8a\" data-element_type=\"widget\" data-e-type=\"widget\" data-settings=\"{&quot;_animation&quot;:&quot;fadeIn&quot;}\" data-widget_type=\"heading.default\">\n\t\t\t\t<div class=\"elementor-widget-container\">\n\t\t\t\t\t<h2 class=\"elementor-heading-title elementor-size-default\">A Propos<\/h2>\t\t\t\t<\/div>\n\t\t\t\t<\/div>\n\t\t\t\t<div class=\"elementor-element elementor-element-ace2317 elementor-invisible elementor-widget elementor-widget-text-editor\" data-id=\"ace2317\" data-element_type=\"widget\" data-e-type=\"widget\" data-settings=\"{&quot;_animation&quot;:&quot;fadeIn&quot;,&quot;_animation_delay&quot;:100}\" data-widget_type=\"text-editor.default\">\n\t\t\t\t<div class=\"elementor-widget-container\">\n\t\t\t\t\t\t\t\t\t<p>Vivre en Espagne pr\u00e9sente de nombreux avantages, allant du <span style=\"color: #fd5f04;\">climat agr\u00e9able<\/span> \u00e0 la <span style=\"color: #fd5f04;\">richesse culturelle<\/span> en passant par une <span style=\"color: #fd5f04;\">gastronomie mondialement connue<\/span> et un pays aux <span style=\"color: #fd5f04;\">paysages tr\u00e8s diversifi\u00e9s<\/span>.<\/p><p>Compar\u00e9 \u00e0 d&rsquo;autres pays europ\u00e9ens, le <span style=\"color: #fd5f04;\">co\u00fbt de la vie<\/span> en Espagne est <span style=\"color: #fd5f04;\">relativement bas<\/span>. Les loyers, la nourriture et les services sont souvent plus abordables.<\/p><p>L&rsquo;Espagne abrite \u00e9galement une g<span style=\"color: #fd5f04;\">rande communaut\u00e9 d&rsquo;expatri\u00e9s<\/span>, ce qui peut faciliter l&rsquo;int\u00e9gration et offrir un r\u00e9seau de soutien pour ceux qui d\u00e9m\u00e9nagent de l&rsquo;\u00e9tranger.<\/p><p><span style=\"color: #fd5f04;\">Bellisimob vous facilitera l&rsquo;acc\u00e8s<\/span> \u00e0 vos projets immobiliers futurs.<\/p><p>En effet, <span style=\"color: #fd5f04;\">notre \u00e9quipe<\/span>, compos\u00e9e de nationalit\u00e9s <span style=\"color: #fd5f04;\">belges, suisses et espagnoles<\/span> vivant en Andalousie nous permettent d&rsquo;avoir une <span style=\"color: #fd5f04;\">grande connaissance des l\u00e9gislations en vigueurs<\/span> tout en <span style=\"color: #fd5f04;\">comprenant les inqui\u00e9tudes des personnes<\/span> voulant investir ou vivre en Espagne.<\/p>\t\t\t\t\t\t\t\t<\/div>\n\t\t\t\t<\/div>\n\t\t<div class=\"elementor-element elementor-element-89354e3 e-flex e-con-boxed e-con e-child\" data-id=\"89354e3\" data-element_type=\"container\" data-e-type=\"container\" data-settings=\"{&quot;jet_parallax_layout_list&quot;:[]}\">\n\t\t\t\t\t<div class=\"e-con-inner\">\n\t\t\t\t<div class=\"elementor-element elementor-element-104b9aa elementor-shape-circle e-grid-align-left elementor-grid-0 elementor-invisible elementor-widget elementor-widget-social-icons\" data-id=\"104b9aa\" data-element_type=\"widget\" data-e-type=\"widget\" data-settings=\"{&quot;_animation&quot;:&quot;fadeIn&quot;}\" data-widget_type=\"social-icons.default\">\n\t\t\t\t<div class=\"elementor-widget-container\">\n\t\t\t\t\t\t\t<div class=\"elementor-social-icons-wrapper elementor-grid\" role=\"list\">\n\t\t\t\t\t\t\t<span class=\"elementor-grid-item\" role=\"listitem\">\n\t\t\t\t\t<a class=\"elementor-icon elementor-social-icon elementor-social-icon-facebook elementor-repeater-item-16f0e33\" target=\"_blank\">\n\t\t\t\t\t\t<span class=\"elementor-screen-only\">Facebook<\/span>\n\t\t\t\t\t\t<svg aria-hidden=\"true\" class=\"e-font-icon-svg e-fab-facebook\" viewBox=\"0 0 512 512\" xmlns=\"http:\/\/www.w3.org\/2000\/svg\"><path d=\"M504 256C504 119 393 8 256 8S8 119 8 256c0 123.78 90.69 226.38 209.25 245V327.69h-63V256h63v-54.64c0-62.15 37-96.48 93.67-96.48 27.14 0 55.52 4.84 55.52 4.84v61h-31.28c-30.8 0-40.41 19.12-40.41 38.73V256h68.78l-11 71.69h-57.78V501C413.31 482.38 504 379.78 504 256z\"><\/path><\/svg>\t\t\t\t\t<\/a>\n\t\t\t\t<\/span>\n\t\t\t\t\t\t\t<span class=\"elementor-grid-item\" role=\"listitem\">\n\t\t\t\t\t<a class=\"elementor-icon elementor-social-icon elementor-social-icon-instagram elementor-repeater-item-6e987d0\" target=\"_blank\">\n\t\t\t\t\t\t<span class=\"elementor-screen-only\">Instagram<\/span>\n\t\t\t\t\t\t<svg aria-hidden=\"true\" class=\"e-font-icon-svg e-fab-instagram\" viewBox=\"0 0 448 512\" xmlns=\"http:\/\/www.w3.org\/2000\/svg\"><path d=\"M224.1 141c-63.6 0-114.9 51.3-114.9 114.9s51.3 114.9 114.9 114.9S339 319.5 339 255.9 287.7 141 224.1 141zm0 189.6c-41.1 0-74.7-33.5-74.7-74.7s33.5-74.7 74.7-74.7 74.7 33.5 74.7 74.7-33.6 74.7-74.7 74.7zm146.4-194.3c0 14.9-12 26.8-26.8 26.8-14.9 0-26.8-12-26.8-26.8s12-26.8 26.8-26.8 26.8 12 26.8 26.8zm76.1 27.2c-1.7-35.9-9.9-67.7-36.2-93.9-26.2-26.2-58-34.4-93.9-36.2-37-2.1-147.9-2.1-184.9 0-35.8 1.7-67.6 9.9-93.9 36.1s-34.4 58-36.2 93.9c-2.1 37-2.1 147.9 0 184.9 1.7 35.9 9.9 67.7 36.2 93.9s58 34.4 93.9 36.2c37 2.1 147.9 2.1 184.9 0 35.9-1.7 67.7-9.9 93.9-36.2 26.2-26.2 34.4-58 36.2-93.9 2.1-37 2.1-147.8 0-184.8zM398.8 388c-7.8 19.6-22.9 34.7-42.6 42.6-29.5 11.7-99.5 9-132.1 9s-102.7 2.6-132.1-9c-19.6-7.8-34.7-22.9-42.6-42.6-11.7-29.5-9-99.5-9-132.1s-2.6-102.7 9-132.1c7.8-19.6 22.9-34.7 42.6-42.6 29.5-11.7 99.5-9 132.1-9s102.7-2.6 132.1 9c19.6 7.8 34.7 22.9 42.6 42.6 11.7 29.5 9 99.5 9 132.1s2.7 102.7-9 132.1z\"><\/path><\/svg>\t\t\t\t\t<\/a>\n\t\t\t\t<\/span>\n\t\t\t\t\t\t\t<span class=\"elementor-grid-item\" role=\"listitem\">\n\t\t\t\t\t<a class=\"elementor-icon elementor-social-icon elementor-social-icon-youtube elementor-repeater-item-cbf3f16\" target=\"_blank\">\n\t\t\t\t\t\t<span class=\"elementor-screen-only\">Youtube<\/span>\n\t\t\t\t\t\t<svg aria-hidden=\"true\" class=\"e-font-icon-svg e-fab-youtube\" viewBox=\"0 0 576 512\" xmlns=\"http:\/\/www.w3.org\/2000\/svg\"><path d=\"M549.655 124.083c-6.281-23.65-24.787-42.276-48.284-48.597C458.781 64 288 64 288 64S117.22 64 74.629 75.486c-23.497 6.322-42.003 24.947-48.284 48.597-11.412 42.867-11.412 132.305-11.412 132.305s0 89.438 11.412 132.305c6.281 23.65 24.787 41.5 48.284 47.821C117.22 448 288 448 288 448s170.78 0 213.371-11.486c23.497-6.321 42.003-24.171 48.284-47.821 11.412-42.867 11.412-132.305 11.412-132.305s0-89.438-11.412-132.305zm-317.51 213.508V175.185l142.739 81.205-142.739 81.201z\"><\/path><\/svg>\t\t\t\t\t<\/a>\n\t\t\t\t<\/span>\n\t\t\t\t\t\t\t<span class=\"elementor-grid-item\" role=\"listitem\">\n\t\t\t\t\t<a class=\"elementor-icon elementor-social-icon elementor-social-icon-linkedin elementor-repeater-item-71594b8\" target=\"_blank\">\n\t\t\t\t\t\t<span class=\"elementor-screen-only\">Linkedin<\/span>\n\t\t\t\t\t\t<svg aria-hidden=\"true\" class=\"e-font-icon-svg e-fab-linkedin\" viewBox=\"0 0 448 512\" xmlns=\"http:\/\/www.w3.org\/2000\/svg\"><path d=\"M416 32H31.9C14.3 32 0 46.5 0 64.3v383.4C0 465.5 14.3 480 31.9 480H416c17.6 0 32-14.5 32-32.3V64.3c0-17.8-14.4-32.3-32-32.3zM135.4 416H69V202.2h66.5V416zm-33.2-243c-21.3 0-38.5-17.3-38.5-38.5S80.9 96 102.2 96c21.2 0 38.5 17.3 38.5 38.5 0 21.3-17.2 38.5-38.5 38.5zm282.1 243h-66.4V312c0-24.8-.5-56.7-34.5-56.7-34.6 0-39.9 27-39.9 54.9V416h-66.4V202.2h63.7v29.2h.9c8.9-16.8 30.6-34.5 62.9-34.5 67.2 0 79.7 44.3 79.7 101.9V416z\"><\/path><\/svg>\t\t\t\t\t<\/a>\n\t\t\t\t<\/span>\n\t\t\t\t\t<\/div>\n\t\t\t\t\t\t<\/div>\n\t\t\t\t<\/div>\n\t\t\t\t<div class=\"elementor-element elementor-element-6636f9f elementor-widget__width-auto elementor-mobile-align-center elementor-widget-mobile__width-inherit elementor-invisible elementor-widget elementor-widget-button\" data-id=\"6636f9f\" data-element_type=\"widget\" data-e-type=\"widget\" data-settings=\"{&quot;_animation&quot;:&quot;fadeIn&quot;,&quot;_animation_delay&quot;:100}\" data-widget_type=\"button.default\">\n\t\t\t\t<div class=\"elementor-widget-container\">\n\t\t\t\t\t\t\t\t\t<div class=\"elementor-button-wrapper\">\n\t\t\t\t\t<a class=\"elementor-button elementor-button-link elementor-size-sm\" href=\"\/contact-us\/\">\n\t\t\t\t\t\t<span class=\"elementor-button-content-wrapper\">\n\t\t\t\t\t\t<span class=\"elementor-button-icon\">\n\t\t\t\t<svg aria-hidden=\"true\" class=\"e-font-icon-svg e-fas-long-arrow-alt-right\" viewBox=\"0 0 448 512\" xmlns=\"http:\/\/www.w3.org\/2000\/svg\"><path d=\"M313.941 216H12c-6.627 0-12 5.373-12 12v56c0 6.627 5.373 12 12 12h301.941v46.059c0 21.382 25.851 32.09 40.971 16.971l86.059-86.059c9.373-9.373 9.373-24.569 0-33.941l-86.059-86.059c-15.119-15.119-40.971-4.411-40.971 16.971V216z\"><\/path><\/svg>\t\t\t<\/span>\n\t\t\t\t\t\t\t\t\t<span class=\"elementor-button-text\">Contactez-nous<\/span>\n\t\t\t\t\t<\/span>\n\t\t\t\t\t<\/a>\n\t\t\t\t<\/div>\n\t\t\t\t\t\t\t\t<\/div>\n\t\t\t\t<\/div>\n\t\t\t\t\t<\/div>\n\t\t\t\t<\/div>\n\t\t\t\t<\/div>\n\t\t<div class=\"elementor-element elementor-element-879b33d e-con-full e-flex e-con e-child\" data-id=\"879b33d\" data-element_type=\"container\" data-e-type=\"container\" data-settings=\"{&quot;background_background&quot;:&quot;classic&quot;,&quot;jet_parallax_layout_list&quot;:[]}\">\n\t\t\t\t<\/div>\n\t\t\t\t\t<\/div>\n\t\t\t\t<\/div>\n\t\t<div class=\"elementor-element elementor-element-aa3cf56 e-flex e-con-boxed e-con e-parent\" data-id=\"aa3cf56\" data-element_type=\"container\" data-e-type=\"container\" data-settings=\"{&quot;background_background&quot;:&quot;classic&quot;,&quot;jet_parallax_layout_list&quot;:[]}\">\n\t\t\t\t\t<div class=\"e-con-inner\">\n\t\t<div class=\"elementor-element elementor-element-8b5c948 e-flex e-con-boxed e-con e-child\" data-id=\"8b5c948\" data-element_type=\"container\" data-e-type=\"container\" data-settings=\"{&quot;jet_parallax_layout_list&quot;:[]}\">\n\t\t\t\t\t<div class=\"e-con-inner\">\n\t\t<div class=\"elementor-element elementor-element-3b35565 e-con-full e-flex e-con e-child\" data-id=\"3b35565\" data-element_type=\"container\" data-e-type=\"container\" data-settings=\"{&quot;background_background&quot;:&quot;classic&quot;,&quot;jet_parallax_layout_list&quot;:[]}\">\n\t\t\t\t<div class=\"elementor-element elementor-element-01f0b4d elementor-invisible elementor-widget elementor-widget-heading\" data-id=\"01f0b4d\" data-element_type=\"widget\" data-e-type=\"widget\" data-settings=\"{&quot;_animation&quot;:&quot;fadeIn&quot;,&quot;_animation_delay&quot;:50}\" data-widget_type=\"heading.default\">\n\t\t\t\t<div class=\"elementor-widget-container\">\n\t\t\t\t\t<h3 class=\"elementor-heading-title elementor-size-default\">Notre Vision<\/h3>\t\t\t\t<\/div>\n\t\t\t\t<\/div>\n\t\t\t\t<div class=\"elementor-element elementor-element-f1e38b9 elementor-invisible elementor-widget elementor-widget-text-editor\" data-id=\"f1e38b9\" data-element_type=\"widget\" data-e-type=\"widget\" data-settings=\"{&quot;_animation&quot;:&quot;fadeIn&quot;,&quot;_animation_delay&quot;:100}\" data-widget_type=\"text-editor.default\">\n\t\t\t\t<div class=\"elementor-widget-container\">\n\t\t\t\t\t\t\t\t\t<p>Nous s\u00e9lectionnons des biens pour les <span style=\"color: #fd5f04;\">amoureux de la nature<\/span> tout en restant a proximit\u00e9 des services urbains. La vall\u00e9e de Guadalhorce est l&rsquo;endroit par excellence pour \u00eatre en <span style=\"color: #fd5f04;\">harmonie avec la nature<\/span> et <span style=\"color: #fd5f04;\">proche de M\u00e1laga<\/span>, des <span style=\"color: #fd5f04;\">plages<\/span>, de l&rsquo;<span style=\"color: #fd5f04;\">a\u00e9roport<\/span> et de <span style=\"color: #fd5f04;\">toutes commodit\u00e9s<\/span>.<\/p>\t\t\t\t\t\t\t\t<\/div>\n\t\t\t\t<\/div>\n\t\t\t\t<\/div>\n\t\t<div class=\"elementor-element elementor-element-9cc1e61 e-con-full e-flex e-con e-child\" data-id=\"9cc1e61\" data-element_type=\"container\" data-e-type=\"container\" data-settings=\"{&quot;background_background&quot;:&quot;classic&quot;,&quot;jet_parallax_layout_list&quot;:[]}\">\n\t\t\t\t<div class=\"elementor-element elementor-element-3792f28 elementor-invisible elementor-widget elementor-widget-heading\" data-id=\"3792f28\" data-element_type=\"widget\" data-e-type=\"widget\" data-settings=\"{&quot;_animation&quot;:&quot;fadeIn&quot;,&quot;_animation_delay&quot;:50}\" data-widget_type=\"heading.default\">\n\t\t\t\t<div class=\"elementor-widget-container\">\n\t\t\t\t\t<h3 class=\"elementor-heading-title elementor-size-default\">Notre Gestion<\/h3>\t\t\t\t<\/div>\n\t\t\t\t<\/div>\n\t\t\t\t<div class=\"elementor-element elementor-element-c1ad337 elementor-invisible elementor-widget elementor-widget-text-editor\" data-id=\"c1ad337\" data-element_type=\"widget\" data-e-type=\"widget\" data-settings=\"{&quot;_animation&quot;:&quot;fadeIn&quot;,&quot;_animation_delay&quot;:100}\" data-widget_type=\"text-editor.default\">\n\t\t\t\t<div class=\"elementor-widget-container\">\n\t\t\t\t\t\t\t\t\t<p><span style=\"color: #fd5f04;\">Gestion administrative<\/span> et <span style=\"color: #fd5f04;\">d\u00e9marches commerciales<\/span> de <span style=\"color: #fd5f04;\">qualit\u00e9 suisse<\/span>.<\/p><p>Notre exp\u00e9rience de plus de 30 ans sur le terrain et nos habitudes de travail suisse nous permettent d&rsquo;entretenir avec nos clients <span style=\"color: #fd5f04;\">relation de confiance<\/span> et <span style=\"color: #fd5f04;\">transparente<\/span> tout en acceptant les uses et coutumes locales.<\/p>\t\t\t\t\t\t\t\t<\/div>\n\t\t\t\t<\/div>\n\t\t\t\t<\/div>\n\t\t\t\t\t<\/div>\n\t\t\t\t<\/div>\n\t\t<div class=\"elementor-element elementor-element-61f1dc3 e-flex e-con-boxed e-con e-child\" data-id=\"61f1dc3\" data-element_type=\"container\" data-e-type=\"container\" data-settings=\"{&quot;jet_parallax_layout_list&quot;:[]}\">\n\t\t\t\t\t<div class=\"e-con-inner\">\n\t\t<div class=\"elementor-element elementor-element-39d8aa0 e-con-full e-flex e-con e-child\" data-id=\"39d8aa0\" data-element_type=\"container\" data-e-type=\"container\" data-settings=\"{&quot;background_background&quot;:&quot;classic&quot;,&quot;jet_parallax_layout_list&quot;:[]}\">\n\t\t\t\t<div class=\"elementor-element elementor-element-9912da0 elementor-invisible elementor-widget elementor-widget-heading\" data-id=\"9912da0\" data-element_type=\"widget\" data-e-type=\"widget\" data-settings=\"{&quot;_animation&quot;:&quot;fadeIn&quot;,&quot;_animation_delay&quot;:50}\" data-widget_type=\"heading.default\">\n\t\t\t\t<div class=\"elementor-widget-container\">\n\t\t\t\t\t<h3 class=\"elementor-heading-title elementor-size-default\">Nos Valeurs<\/h3>\t\t\t\t<\/div>\n\t\t\t\t<\/div>\n\t\t\t\t<div class=\"elementor-element elementor-element-7687f50 elementor-invisible elementor-widget elementor-widget-text-editor\" data-id=\"7687f50\" data-element_type=\"widget\" data-e-type=\"widget\" data-settings=\"{&quot;_animation&quot;:&quot;fadeIn&quot;,&quot;_animation_delay&quot;:100}\" data-widget_type=\"text-editor.default\">\n\t\t\t\t<div class=\"elementor-widget-container\">\n\t\t\t\t\t\t\t\t\t<p>Nous poss\u00e9dons une offre de <span style=\"color: #fd5f04;\">biens immobiliers de haute valeur<\/span> pour une <span style=\"color: #fd5f04;\">qualit\u00e9 de vie saine.<\/span> Nous sommes <span style=\"color: #fd5f04;\">transparents<\/span> sur la description du bien et son entourage ainsi que <span style=\"color: #fd5f04;\">l\u2019\u00e9tat administratif<\/span> des propri\u00e9t\u00e9s.<\/p>\t\t\t\t\t\t\t\t<\/div>\n\t\t\t\t<\/div>\n\t\t\t\t<\/div>\n\t\t<div class=\"elementor-element elementor-element-b7cdecb e-con-full e-flex e-con e-child\" data-id=\"b7cdecb\" data-element_type=\"container\" data-e-type=\"container\" data-settings=\"{&quot;background_background&quot;:&quot;classic&quot;,&quot;jet_parallax_layout_list&quot;:[]}\">\n\t\t\t\t<div class=\"elementor-element elementor-element-001f25e elementor-invisible elementor-widget elementor-widget-heading\" data-id=\"001f25e\" data-element_type=\"widget\" data-e-type=\"widget\" data-settings=\"{&quot;_animation&quot;:&quot;fadeIn&quot;,&quot;_animation_delay&quot;:50}\" data-widget_type=\"heading.default\">\n\t\t\t\t<div class=\"elementor-widget-container\">\n\t\t\t\t\t<h3 class=\"elementor-heading-title elementor-size-default\">Nos Ressources<\/h3>\t\t\t\t<\/div>\n\t\t\t\t<\/div>\n\t\t\t\t<div class=\"elementor-element elementor-element-ad4bd12 elementor-invisible elementor-widget elementor-widget-text-editor\" data-id=\"ad4bd12\" data-element_type=\"widget\" data-e-type=\"widget\" data-settings=\"{&quot;_animation&quot;:&quot;fadeIn&quot;,&quot;_animation_delay&quot;:100}\" data-widget_type=\"text-editor.default\">\n\t\t\t\t<div class=\"elementor-widget-container\">\n\t\t\t\t\t\t\t\t\t<p>Gr\u00e2ce \u00e0 notre <span style=\"color: #fd5f04;\">r\u00e9seau local<\/span>, <span style=\"color: #fd5f04;\">expertise du march\u00e9<\/span> et <span style=\"color: #fd5f04;\">partenaires fiables<\/span>, nous facilitons la vente r\u00e9ussie de maisons de campagne en Espagne.<\/p>\t\t\t\t\t\t\t\t<\/div>\n\t\t\t\t<\/div>\n\t\t\t\t<\/div>\n\t\t\t\t\t<\/div>\n\t\t\t\t<\/div>\n\t\t\t\t\t<\/div>\n\t\t\t\t<\/div>\n\t\t<div class=\"elementor-element elementor-element-2ba30dc e-con-full e-flex e-con e-parent\" data-id=\"2ba30dc\" data-element_type=\"container\" data-e-type=\"container\" data-settings=\"{&quot;background_background&quot;:&quot;classic&quot;,&quot;jet_parallax_layout_list&quot;:[]}\">\n\t\t<div class=\"elementor-element elementor-element-b88fcfa e-flex e-con-boxed e-con e-child\" data-id=\"b88fcfa\" data-element_type=\"container\" data-e-type=\"container\" data-settings=\"{&quot;jet_parallax_layout_list&quot;:[]}\">\n\t\t\t\t\t<div class=\"e-con-inner\">\n\t\t\t\t<div class=\"elementor-element elementor-element-5a26b3a elementor-invisible elementor-widget elementor-widget-heading\" data-id=\"5a26b3a\" data-element_type=\"widget\" data-e-type=\"widget\" data-settings=\"{&quot;_animation&quot;:&quot;fadeIn&quot;}\" data-widget_type=\"heading.default\">\n\t\t\t\t<div class=\"elementor-widget-container\">\n\t\t\t\t\t<h2 class=\"elementor-heading-title elementor-size-default\">Notre \u00c9quipe<\/h2>\t\t\t\t<\/div>\n\t\t\t\t<\/div>\n\t\t\t\t<div class=\"elementor-element elementor-element-611ca1f elementor-invisible elementor-widget elementor-widget-text-editor\" data-id=\"611ca1f\" data-element_type=\"widget\" data-e-type=\"widget\" data-settings=\"{&quot;_animation&quot;:&quot;fadeIn&quot;,&quot;_animation_delay&quot;:100}\" data-widget_type=\"text-editor.default\">\n\t\t\t\t<div class=\"elementor-widget-container\">\n\t\t\t\t\t\t\t\t\t<p>Notre \u00e9quipe est reconnue par tous &#8211; clients, promoteurs, vendeurs et professionnels du secteur &#8211; pour leur passion, exp\u00e9rience et dynamisme \u00e0 aider les acheteurs et les vendeurs dans l&rsquo;un des endroits les plus pittoresques et les plus ensoleill\u00e9s d&rsquo;Europe, l&rsquo;Espagne.<\/p>\t\t\t\t\t\t\t\t<\/div>\n\t\t\t\t<\/div>\n\t\t\t\t\t<\/div>\n\t\t\t\t<\/div>\n\t\t<div class=\"elementor-element elementor-element-a965bd5 e-flex e-con-boxed e-con e-child\" data-id=\"a965bd5\" data-element_type=\"container\" data-e-type=\"container\" data-settings=\"{&quot;jet_parallax_layout_list&quot;:[]}\">\n\t\t\t\t\t<div class=\"e-con-inner\">\n\t\t\t\t<div class=\"elementor-element elementor-element-3c6f1ef elementor-widget elementor-widget-WpResidence_List_Agents\" data-id=\"3c6f1ef\" data-element_type=\"widget\" data-e-type=\"widget\" data-widget_type=\"WpResidence_List_Agents.default\">\n\t\t\t\t<div class=\"elementor-widget-container\">\n\t\t\t\t\t<div class=\"wpresidence_shortcode_listings_wrapper bottom-estate_agent nobutton row\">\n<div class=\"wpresidence_agent_unit_wrapper col-lg-4 col-12 col-sm-6 col-md-6  listing_wrapper   \">         \n    <div class=\"agent_unit\" data-link=\"https:\/\/bellisimob.es\/fr\/estate_agent\/gerard-boxstal\/\">\n        <div class=\"agent-unit-img-wrapper\">\n            <img fetchpriority=\"high\" decoding=\"async\" width=\"525\" height=\"328\" src=\"https:\/\/bellisimob.es\/wp-content\/uploads\/2014\/05\/BoxtsalG-1-525x328.jpg\" class=\"lazyload img-responsive wp-post-image\" alt=\"\" \/>        <\/div>    \n\n        <h4><a href=\"https:\/\/bellisimob.es\/fr\/estate_agent\/gerard-boxstal\/\">Gerard Boxstal<\/a><\/h4><div class=\"agent_position\">Expert immobilier<\/div><div class=\"agent_card_content\">Avec 30 ann\u00e9es d&rsquo;exp\u00e9rience dans le secteur immobilier, j&rsquo;ai acquis une expert <a href=\"https:\/\/bellisimob.es\/fr\/estate_agent\/gerard-boxstal\/\" class=\"unit_more_x\">...<\/a><\/div>\n        <div class=\"agent_unit_social agent_list\">\n            <div class=\"wpestate_agent_unit_social\"><\/div><div class=\"agent_unit_email\"><a href=\"mailto:&#105;&#110;f&#111;&#64;&#98;&#101;&#108;li&#115;&#105;&#109;ob&#46;e&#115;\" rel=\"noopener\"><i class=\"fas fa-envelope\"><\/i><\/a><\/div>        <\/div>\n    <\/div>\n<\/div>\n<div class=\"wpresidence_agent_unit_wrapper col-lg-4 col-12 col-sm-6 col-md-6  listing_wrapper   \">         \n    <div class=\"agent_unit\" data-link=\"https:\/\/bellisimob.es\/fr\/estate_agent\/vincent-haymoz\/\">\n        <div class=\"agent-unit-img-wrapper\">\n            <img decoding=\"async\" width=\"525\" height=\"328\" src=\"https:\/\/bellisimob.es\/wp-content\/uploads\/2014\/05\/HaymozV-2-525x328.jpg\" class=\"lazyload img-responsive wp-post-image\" alt=\"\" \/>        <\/div>    \n\n        <h4><a href=\"https:\/\/bellisimob.es\/fr\/estate_agent\/vincent-haymoz\/\">Vincent Haymoz<\/a><\/h4><div class=\"agent_position\">Courtier immobilier<\/div><div class=\"agent_card_content\">Mon but est d&rsquo;aider nos clients \u00e0 trouver la maison de leurs r\u00eaves ou \u00e0 vendre leur  <a href=\"https:\/\/bellisimob.es\/fr\/estate_agent\/vincent-haymoz\/\" class=\"unit_more_x\">...<\/a><\/div>\n        <div class=\"agent_unit_social agent_list\">\n            <div class=\"wpestate_agent_unit_social\"><\/div><div class=\"agent_unit_email\"><a href=\"mailto:in&#102;o&#64;&#98;el&#108;&#105;&#115;im&#111;b&#46;&#101;s\" rel=\"noopener\"><i class=\"fas fa-envelope\"><\/i><\/a><\/div>        <\/div>\n    <\/div>\n<\/div>\n<div class=\"wpresidence_agent_unit_wrapper col-lg-4 col-12 col-sm-6 col-md-6  listing_wrapper   \">         \n    <div class=\"agent_unit\" data-link=\"https:\/\/bellisimob.es\/fr\/estate_agent\/elena-figueiras\/\">\n        <div class=\"agent-unit-img-wrapper\">\n            <img decoding=\"async\" width=\"525\" height=\"328\" src=\"https:\/\/bellisimob.es\/wp-content\/uploads\/2014\/05\/FigueirasE-525x328.jpg\" class=\"lazyload img-responsive wp-post-image\" alt=\"\" \/>        <\/div>    \n\n        <h4><a href=\"https:\/\/bellisimob.es\/fr\/estate_agent\/elena-figueiras\/\">Elena Figueiras<\/a><\/h4><div class=\"agent_position\">Conseill\u00e8re immobili\u00e8re<\/div><div class=\"agent_card_content\">Je suis impatiente de travailler avec vous et de vous aider \u00e0 r\u00e9aliser vos projets immobil <a href=\"https:\/\/bellisimob.es\/fr\/estate_agent\/elena-figueiras\/\" class=\"unit_more_x\">...<\/a><\/div>\n        <div class=\"agent_unit_social agent_list\">\n            <div class=\"wpestate_agent_unit_social\"><\/div><div class=\"agent_unit_email\"><a href=\"mailto:&#105;&#110;&#102;&#111;&#64;&#98;e&#108;&#108;is&#105;&#109;&#111;&#98;.&#101;&#115;\" rel=\"noopener\"><i class=\"fas fa-envelope\"><\/i><\/a><\/div>        <\/div>\n    <\/div>\n<\/div><\/div>\t\t\t\t<\/div>\n\t\t\t\t<\/div>\n\t\t\t\t\t<\/div>\n\t\t\t\t<\/div>\n\t\t\t\t<\/div>\n\t\t\t\t<\/div>\n\t\t","protected":false},"excerpt":{"rendered":"<p>A Propos Vivre en Espagne pr\u00e9sente de nombreux avantages, allant du climat agr\u00e9able \u00e0 la richesse culturelle en passant par une gastronomie mondialement connue et un pays aux paysages tr\u00e8s diversifi\u00e9s. Compar\u00e9 \u00e0 d&rsquo;autres pays europ\u00e9ens, le co\u00fbt de la vie en Espagne est relativement bas. Les loyers, la nourriture et les services sont souvent plus abordables. L&rsquo;Espagne abrite \u00e9galement une grande communaut\u00e9 d&rsquo;expatri\u00e9s, &#8230;<\/p>\n","protected":false},"author":1,"featured_media":0,"parent":0,"menu_order":0,"comment_status":"closed","ping_status":"closed","template":"elementor_header_footer","meta":{"inline_featured_image":false,"footnotes":""},"class_list":["post-21420","page","type-page","status-publish","hentry"],"_links":{"self":[{"href":"https:\/\/bellisimob.es\/fr\/wp-json\/wp\/v2\/pages\/21420","targetHints":{"allow":["GET"]}}],"collection":[{"href":"https:\/\/bellisimob.es\/fr\/wp-json\/wp\/v2\/pages"}],"about":[{"href":"https:\/\/bellisimob.es\/fr\/wp-json\/wp\/v2\/types\/page"}],"author":[{"embeddable":true,"href":"https:\/\/bellisimob.es\/fr\/wp-json\/wp\/v2\/users\/1"}],"replies":[{"embeddable":true,"href":"https:\/\/bellisimob.es\/fr\/wp-json\/wp\/v2\/comments?post=21420"}],"version-history":[{"count":85,"href":"https:\/\/bellisimob.es\/fr\/wp-json\/wp\/v2\/pages\/21420\/revisions"}],"predecessor-version":[{"id":31197,"href":"https:\/\/bellisimob.es\/fr\/wp-json\/wp\/v2\/pages\/21420\/revisions\/31197"}],"wp:attachment":[{"href":"https:\/\/bellisimob.es\/fr\/wp-json\/wp\/v2\/media?parent=21420"}],"curies":[{"name":"wp","href":"https:\/\/api.w.org\/{rel}","templated":true}]}}