{"id":22741,"date":"2023-11-28T12:31:09","date_gmt":"2023-11-28T12:31:09","guid":{"rendered":"https:\/\/sandiego.wpresidence.net\/?page_id=22741"},"modified":"2025-01-02T12:36:32","modified_gmt":"2025-01-02T11:36:32","slug":"estimate","status":"publish","type":"page","link":"https:\/\/bellisimob.es\/fr\/estimate\/","title":{"rendered":"Estimation"},"content":{"rendered":"\t\t<div data-elementor-type=\"wp-page\" data-elementor-id=\"22741\" class=\"elementor elementor-22741\" data-elementor-post-type=\"page\">\n\t\t\t\t<div class=\"elementor-element elementor-element-76b9c47 e-flex e-con-boxed e-con e-parent\" data-id=\"76b9c47\" data-element_type=\"container\" data-e-type=\"container\" data-settings=\"{&quot;background_background&quot;:&quot;classic&quot;,&quot;jet_parallax_layout_list&quot;:[]}\">\n\t\t\t\t\t<div class=\"e-con-inner\">\n\t\t\t\t<div class=\"elementor-element elementor-element-a023578 elementor-invisible elementor-widget elementor-widget-heading\" data-id=\"a023578\" data-element_type=\"widget\" data-e-type=\"widget\" data-settings=\"{&quot;_animation&quot;:&quot;fadeIn&quot;}\" data-widget_type=\"heading.default\">\n\t\t\t\t<div class=\"elementor-widget-container\">\n\t\t\t\t\t<h2 class=\"elementor-heading-title elementor-size-default\">Estimer &amp; Vendre<\/h2>\t\t\t\t<\/div>\n\t\t\t\t<\/div>\n\t\t\t\t\t<\/div>\n\t\t\t\t<\/div>\n\t\t<div class=\"elementor-element elementor-element-0d82d81 e-flex e-con-boxed e-con e-parent\" data-id=\"0d82d81\" data-element_type=\"container\" data-e-type=\"container\" data-settings=\"{&quot;background_background&quot;:&quot;classic&quot;,&quot;jet_parallax_layout_list&quot;:[]}\">\n\t\t\t\t\t<div class=\"e-con-inner\">\n\t\t<div class=\"elementor-element elementor-element-9a8bfec e-flex e-con-boxed e-con e-child\" data-id=\"9a8bfec\" data-element_type=\"container\" data-e-type=\"container\" data-settings=\"{&quot;jet_parallax_layout_list&quot;:[]}\">\n\t\t\t\t\t<div class=\"e-con-inner\">\n\t\t<div class=\"elementor-element elementor-element-d6c3588 e-con-full e-flex e-con e-child\" data-id=\"d6c3588\" data-element_type=\"container\" data-e-type=\"container\" data-settings=\"{&quot;background_background&quot;:&quot;classic&quot;,&quot;jet_parallax_layout_list&quot;:[]}\">\n\t\t\t\t<div class=\"elementor-element elementor-element-9e72cba elementor-invisible elementor-widget elementor-widget-heading\" data-id=\"9e72cba\" data-element_type=\"widget\" data-e-type=\"widget\" data-settings=\"{&quot;_animation&quot;:&quot;fadeIn&quot;,&quot;_animation_delay&quot;:50}\" data-widget_type=\"heading.default\">\n\t\t\t\t<div class=\"elementor-widget-container\">\n\t\t\t\t\t<h3 class=\"elementor-heading-title elementor-size-default\">Estimation<\/h3>\t\t\t\t<\/div>\n\t\t\t\t<\/div>\n\t\t\t\t<div class=\"elementor-element elementor-element-4e8ac60 elementor-invisible elementor-widget elementor-widget-text-editor\" data-id=\"4e8ac60\" data-element_type=\"widget\" data-e-type=\"widget\" data-settings=\"{&quot;_animation&quot;:&quot;fadeIn&quot;,&quot;_animation_delay&quot;:100}\" data-widget_type=\"text-editor.default\">\n\t\t\t\t<div class=\"elementor-widget-container\">\n\t\t\t\t\t\t\t\t\t<p>Tout d\u2019abord il faut faire une expertise du bien durant laquelle nous allons prendre toutes les caract\u00e9ristiques de votre biens comme le mesurage de toutes les pi\u00e8ces. Prendre les photos sous les meilleurs angles et relever toutes les donn\u00e9es comme simple ou double vitrage, mode de chauffage, \u00e9lectricit\u00e9, plaques solaires, eau, superficie du terrain. Diagnostic de performance \u00e9nerg\u00e9tique.<\/p>\t\t\t\t\t\t\t\t<\/div>\n\t\t\t\t<\/div>\n\t\t\t\t<\/div>\n\t\t<div class=\"elementor-element elementor-element-f75e364 e-con-full e-flex e-con e-child\" data-id=\"f75e364\" data-element_type=\"container\" data-e-type=\"container\" data-settings=\"{&quot;background_background&quot;:&quot;classic&quot;,&quot;jet_parallax_layout_list&quot;:[]}\">\n\t\t\t\t<div class=\"elementor-element elementor-element-6e0a2da elementor-invisible elementor-widget elementor-widget-heading\" data-id=\"6e0a2da\" data-element_type=\"widget\" data-e-type=\"widget\" data-settings=\"{&quot;_animation&quot;:&quot;fadeIn&quot;,&quot;_animation_delay&quot;:50}\" data-widget_type=\"heading.default\">\n\t\t\t\t<div class=\"elementor-widget-container\">\n\t\t\t\t\t<h3 class=\"elementor-heading-title elementor-size-default\">Vente<\/h3>\t\t\t\t<\/div>\n\t\t\t\t<\/div>\n\t\t\t\t<div class=\"elementor-element elementor-element-99ff140 elementor-invisible elementor-widget elementor-widget-text-editor\" data-id=\"99ff140\" data-element_type=\"widget\" data-e-type=\"widget\" data-settings=\"{&quot;_animation&quot;:&quot;fadeIn&quot;,&quot;_animation_delay&quot;:100}\" data-widget_type=\"text-editor.default\">\n\t\t\t\t<div class=\"elementor-widget-container\">\n\t\t\t\t\t\t\t\t\t<p>Une fois le mandat sign\u00e9 , nous pourrons initier la commercialisation de votre bien et organiser avec vous les visites.<\/p>\t\t\t\t\t\t\t\t<\/div>\n\t\t\t\t<\/div>\n\t\t\t\t<\/div>\n\t\t\t\t\t<\/div>\n\t\t\t\t<\/div>\n\t\t\t\t\t<\/div>\n\t\t\t\t<\/div>\n\t\t<div class=\"elementor-element elementor-element-3471902 e-flex e-con-boxed e-con e-parent\" data-id=\"3471902\" data-element_type=\"container\" data-e-type=\"container\" data-settings=\"{&quot;background_background&quot;:&quot;classic&quot;,&quot;jet_parallax_layout_list&quot;:[]}\">\n\t\t\t\t\t<div class=\"e-con-inner\">\n\t\t<div class=\"elementor-element elementor-element-f5201be e-con-full e-flex e-con e-child\" data-id=\"f5201be\" data-element_type=\"container\" data-e-type=\"container\" data-settings=\"{&quot;background_background&quot;:&quot;classic&quot;,&quot;jet_parallax_layout_list&quot;:[]}\">\n\t\t\t\t<div class=\"elementor-element elementor-element-9ad24ab elementor-widget-divider--view-line elementor-widget elementor-widget-divider\" data-id=\"9ad24ab\" data-element_type=\"widget\" data-e-type=\"widget\" data-widget_type=\"divider.default\">\n\t\t\t\t<div class=\"elementor-widget-container\">\n\t\t\t\t\t\t\t<div class=\"elementor-divider\">\n\t\t\t<span class=\"elementor-divider-separator\">\n\t\t\t\t\t\t<\/span>\n\t\t<\/div>\n\t\t\t\t\t\t<\/div>\n\t\t\t\t<\/div>\n\t\t\t\t<\/div>\n\t\t<div class=\"elementor-element elementor-element-9bd865e e-con-full e-flex e-con e-child\" data-id=\"9bd865e\" data-element_type=\"container\" data-e-type=\"container\" data-settings=\"{&quot;background_background&quot;:&quot;classic&quot;,&quot;jet_parallax_layout_list&quot;:[]}\">\n\t\t\t\t<div class=\"elementor-element elementor-element-75e3bee elementor-invisible elementor-widget elementor-widget-heading\" data-id=\"75e3bee\" data-element_type=\"widget\" data-e-type=\"widget\" data-settings=\"{&quot;_animation&quot;:&quot;fadeIn&quot;}\" data-widget_type=\"heading.default\">\n\t\t\t\t<div class=\"elementor-widget-container\">\n\t\t\t\t\t<h2 class=\"elementor-heading-title elementor-size-default\">Formulaire de demande<\/h2>\t\t\t\t<\/div>\n\t\t\t\t<\/div>\n\t\t\t\t<div class=\"elementor-element elementor-element-4df4547 elementor-button-align-start elementor-widget elementor-widget-WpResidence_Contact_Form_Builder\" data-id=\"4df4547\" data-element_type=\"widget\" data-e-type=\"widget\" data-widget_type=\"WpResidence_Contact_Form_Builder.default\">\n\t\t\t\t<div class=\"elementor-widget-container\">\n\t\t\t\t\t\n\n\n\n\n        <form class=\"elementor-form wpresidence_elementor_form wpestate_contact_form_parent\"  id=\"wpresidence-elementor-form-4df4547\" method=\"post\" >\n            <div class=\"alert-box error\">\n                <div class=\"alert-message\" id=\"alert-agent-contact\"><\/div>\n            <\/div>\n            <input name=\"prop_id\" type=\"hidden\"  id=\"agent_property_id\" value=\"\">\n            <input name=\"prop_id\" type=\"hidden\"  id=\"agent_id\" value=\"\">\n            <input name=\"prop_id\" type=\"hidden\"  id=\"contact_form_elementor\" value=\"1\">\n            <input type=\"hidden\" name=\"contact_ajax_nonce\" id=\"agent_property_ajax_nonce\"  value=\"df080b6446\" \/>\n\n            \n            \n            <input type=\"hidden\" id=\"wpresidence_form_id\" name=\"wpresidence_form_id\" value=\"wpresidence_form_7934\" \/>\n        \n            <input type=\"hidden\" id=\"elementor_email_subject\" name=\"email_suject\" value=\"Demande d&#039;estimation d&#039;un objet\" \/>\n\n\n            <div class=\"elementor-form-fields-wrapper elementor-labels-above\">\n        <div class=\"elementor-field-group elementor-column form-group elementor-field-group-24f699d elementor-col-50\"><label for=\"form-field-24f699d\" class=\"elementor-field-label\">Pr\u00e9nom<\/label><input type=\"text\" name=\"first_name\" id=\"form-field-24f699d\" class=\"elementor-field form-control elementor-size-md elementor-field-textual\" placeholder=\"Pr\u00e9nom\"><\/div><div class=\"elementor-field-group elementor-column form-group elementor-field-group-name elementor-col-50\"><label for=\"form-field-name\" class=\"elementor-field-label\">Nom<\/label><input type=\"text\" name=\"last_name\" id=\"form-field-name\" class=\"elementor-field form-control elementor-size-md elementor-field-textual\" placeholder=\"Nom\"><\/div><div class=\"elementor-field-group elementor-column form-group elementor-field-group-email elementor-field-required elementor-col-50\"><label for=\"form-field-email\" class=\"elementor-field-label\">Email*<\/label><input type=\"email\" name=\"email\" id=\"form-field-email\" class=\"elementor-field form-control elementor-size-md elementor-field-textual\" required=\"required\" placeholder=\"Email\"><\/div><div class=\"elementor-field-group elementor-column form-group elementor-field-group-message elementor-field-required elementor-col-50\"><label for=\"form-field-message\" class=\"elementor-field-label\">Mobile*<\/label><input type=\"text\" name=\"mobile\" id=\"form-field-message\" class=\"elementor-field form-control elementor-size-md elementor-field-textual\" required=\"required\" placeholder=\"Mobile\"><\/div><div class=\"elementor-field-group elementor-column form-group elementor-field-group-f8c1f29 elementor-col-33\"><label for=\"form-field-f8c1f29\" class=\"elementor-field-label\">Pays<\/label><input type=\"text\" name=\"country\" id=\"form-field-f8c1f29\" class=\"elementor-field form-control elementor-size-md elementor-field-textual\" placeholder=\"Pays\"><\/div><div class=\"elementor-field-group elementor-column form-group elementor-field-group-cf39a4e elementor-col-33\"><label for=\"form-field-cf39a4e\" class=\"elementor-field-label\">D\u00e9partement<\/label><input type=\"text\" name=\"state\" id=\"form-field-cf39a4e\" class=\"elementor-field form-control elementor-size-md elementor-field-textual\" placeholder=\"D\u00e9partement\"><\/div><div class=\"elementor-field-group elementor-column form-group elementor-field-group-414f7d2 elementor-col-33\"><label for=\"form-field-414f7d2\" class=\"elementor-field-label\">Ville<\/label><input type=\"text\" name=\"city\" id=\"form-field-414f7d2\" class=\"elementor-field form-control elementor-size-md elementor-field-textual\" placeholder=\"Ville\"><\/div><div class=\"elementor-field-group elementor-column form-group elementor-field-group-ae8e893 elementor-col-50\"><label for=\"form-field-ae8e893\" class=\"elementor-field-label\">Adresse<\/label><input type=\"text\" name=\"address\" id=\"form-field-ae8e893\" class=\"elementor-field form-control elementor-size-md elementor-field-textual\" placeholder=\"Adresse\"><\/div><div class=\"elementor-field-group elementor-column form-group elementor-field-group-06f334c elementor-col-50\"><label for=\"form-field-06f334c\" class=\"elementor-field-label\">Zip<\/label><input type=\"text\" name=\"zip\" id=\"form-field-06f334c\" class=\"elementor-field form-control elementor-size-md elementor-field-textual\" placeholder=\"Zip\"><\/div><div class=\"elementor-field-group elementor-column form-group elementor-field-group-f1e07cd elementor-field-required elementor-col-100\"><label for=\"form-field-f1e07cd\" class=\"elementor-field-label\">Message*<\/label><textarea class=\"form-control elementor-field-textual elementor-field elementor-size-md\" name=\"message\" id=\"form-field-f1e07cd\" rows=\"4\" required=\"required\" placeholder=\"Message\"><\/textarea><\/div>\n                <div class=\"elementor-field-group elementor-column elementor-field-type-submit elementor-col-100\">\n        <div class=\"gpr_wrapper\"><input type=\"checkbox\"  role=\"checkbox\" aria-checked=\"false\" id=\"wpestate_agree_gdpr\" class=\"wpestate_agree_gdpr\" name=\"wpestate_agree_gdpr\" \/>\n                    <label for=\"wpestate_agree_gdpr\"><a target=\"_blank\" href=\"https:\/\/bellisimob.es\/fr\/\">J'approuve la sauvegarde de mes informations<\/a><\/label><\/div>\n\t\t\t\t\t\t\t\t\t\t\t\t                    <button type=\"submit\" class=\"agent_submit_class_elementor wpresidence_button wpresidence_button_elementor elementor-button elementor-size-md\">\n                    Envoyer                            <\/button>\n\n                <\/div>\n            <\/div>\n\n\n\n        <\/form>\n\n\n\n\n        \t\t\t\t<\/div>\n\t\t\t\t<\/div>\n\t\t\t\t<\/div>\n\t\t\t\t\t<\/div>\n\t\t\t\t<\/div>\n\t\t\t\t<\/div>\n\t\t","protected":false},"excerpt":{"rendered":"<p>Estimer &amp; Vendre Estimation Tout d\u2019abord il faut faire une expertise du bien durant laquelle nous allons prendre toutes les caract\u00e9ristiques de votre biens comme le mesurage de toutes les pi\u00e8ces. Prendre les photos sous les meilleurs angles et relever toutes les donn\u00e9es comme simple ou double vitrage, mode de chauffage, \u00e9lectricit\u00e9, plaques solaires, eau, superficie du terrain. Diagnostic de performance \u00e9nerg\u00e9tique. Vente Une &#8230;<\/p>\n","protected":false},"author":1,"featured_media":0,"parent":0,"menu_order":0,"comment_status":"closed","ping_status":"closed","template":"elementor_header_footer","meta":{"inline_featured_image":false,"footnotes":""},"class_list":["post-22741","page","type-page","status-publish","hentry"],"_links":{"self":[{"href":"https:\/\/bellisimob.es\/fr\/wp-json\/wp\/v2\/pages\/22741","targetHints":{"allow":["GET"]}}],"collection":[{"href":"https:\/\/bellisimob.es\/fr\/wp-json\/wp\/v2\/pages"}],"about":[{"href":"https:\/\/bellisimob.es\/fr\/wp-json\/wp\/v2\/types\/page"}],"author":[{"embeddable":true,"href":"https:\/\/bellisimob.es\/fr\/wp-json\/wp\/v2\/users\/1"}],"replies":[{"embeddable":true,"href":"https:\/\/bellisimob.es\/fr\/wp-json\/wp\/v2\/comments?post=22741"}],"version-history":[{"count":34,"href":"https:\/\/bellisimob.es\/fr\/wp-json\/wp\/v2\/pages\/22741\/revisions"}],"predecessor-version":[{"id":29605,"href":"https:\/\/bellisimob.es\/fr\/wp-json\/wp\/v2\/pages\/22741\/revisions\/29605"}],"wp:attachment":[{"href":"https:\/\/bellisimob.es\/fr\/wp-json\/wp\/v2\/media?parent=22741"}],"curies":[{"name":"wp","href":"https:\/\/api.w.org\/{rel}","templated":true}]}}